{"id":15,"date":"2022-01-22T12:28:34","date_gmt":"2022-01-22T12:28:34","guid":{"rendered":"https:\/\/gaspardatable.dev-wordpress.fr\/?page_id=15"},"modified":"2023-01-24T08:49:09","modified_gmt":"2023-01-24T07:49:09","slug":"guide-de-plantation","status":"publish","type":"page","link":"https:\/\/gaspardatable.dev-wordpress.fr\/en\/guide-de-plantation\/","title":{"rendered":"Guide de plantation"},"content":{"rendered":"<div data-elementor-type=\"wp-page\" data-elementor-id=\"15\" class=\"elementor elementor-15\" data-elementor-settings=\"{&quot;element_pack_global_tooltip_width&quot;:{&quot;unit&quot;:&quot;px&quot;,&quot;size&quot;:&quot;&quot;,&quot;sizes&quot;:[]},&quot;element_pack_global_tooltip_width_tablet&quot;:{&quot;unit&quot;:&quot;px&quot;,&quot;size&quot;:&quot;&quot;,&quot;sizes&quot;:[]},&quot;element_pack_global_tooltip_width_mobile&quot;:{&quot;unit&quot;:&quot;px&quot;,&quot;size&quot;:&quot;&quot;,&quot;sizes&quot;:[]},&quot;element_pack_global_tooltip_padding&quot;:{&quot;unit&quot;:&quot;px&quot;,&quot;top&quot;:&quot;&quot;,&quot;right&quot;:&quot;&quot;,&quot;bottom&quot;:&quot;&quot;,&quot;left&quot;:&quot;&quot;,&quot;isLinked&quot;:true},&quot;element_pack_global_tooltip_padding_tablet&quot;:{&quot;unit&quot;:&quot;px&quot;,&quot;top&quot;:&quot;&quot;,&quot;right&quot;:&quot;&quot;,&quot;bottom&quot;:&quot;&quot;,&quot;left&quot;:&quot;&quot;,&quot;isLinked&quot;:true},&quot;element_pack_global_tooltip_padding_mobile&quot;:{&quot;unit&quot;:&quot;px&quot;,&quot;top&quot;:&quot;&quot;,&quot;right&quot;:&quot;&quot;,&quot;bottom&quot;:&quot;&quot;,&quot;left&quot;:&quot;&quot;,&quot;isLinked&quot;:true},&quot;element_pack_global_tooltip_border_radius&quot;:{&quot;unit&quot;:&quot;px&quot;,&quot;top&quot;:&quot;&quot;,&quot;right&quot;:&quot;&quot;,&quot;bottom&quot;:&quot;&quot;,&quot;left&quot;:&quot;&quot;,&quot;isLinked&quot;:true},&quot;element_pack_global_tooltip_border_radius_tablet&quot;:{&quot;unit&quot;:&quot;px&quot;,&quot;top&quot;:&quot;&quot;,&quot;right&quot;:&quot;&quot;,&quot;bottom&quot;:&quot;&quot;,&quot;left&quot;:&quot;&quot;,&quot;isLinked&quot;:true},&quot;element_pack_global_tooltip_border_radius_mobile&quot;:{&quot;unit&quot;:&quot;px&quot;,&quot;top&quot;:&quot;&quot;,&quot;right&quot;:&quot;&quot;,&quot;bottom&quot;:&quot;&quot;,&quot;left&quot;:&quot;&quot;,&quot;isLinked&quot;:true}}\" data-elementor-post-type=\"page\">\n\t\t\t\t\t\t<section class=\"elementor-section elementor-top-section elementor-element elementor-element-8e4e7b8 elementor-section-boxed elementor-section-height-default elementor-section-height-default\" data-id=\"8e4e7b8\" data-element_type=\"section\" data-settings=\"{&quot;background_background&quot;:&quot;classic&quot;}\">\n\t\t\t\t\t\t\t<div class=\"elementor-background-overlay\"><\/div>\n\t\t\t\t\t\t\t<div class=\"elementor-container elementor-column-gap-default\">\n\t\t\t\t\t<div class=\"elementor-column elementor-col-50 elementor-top-column elementor-element elementor-element-adcbb54\" data-id=\"adcbb54\" data-element_type=\"column\">\n\t\t\t<div class=\"elementor-widget-wrap elementor-element-populated\">\n\t\t\t\t\t\t<div class=\"elementor-element elementor-element-6650933 elementor-widget__width-auto elementor-widget elementor-widget-heading\" data-id=\"6650933\" data-element_type=\"widget\" data-widget_type=\"heading.default\">\n\t\t\t\t<div class=\"elementor-widget-container\">\n\t\t\t\t\t<h1 class=\"elementor-heading-title elementor-size-default\">Guides de plantations<\/h1>\t\t\t\t<\/div>\n\t\t\t\t<\/div>\n\t\t\t\t\t<\/div>\n\t\t<\/div>\n\t\t\t\t<div class=\"elementor-column elementor-col-50 elementor-top-column elementor-element elementor-element-a544b06\" data-id=\"a544b06\" data-element_type=\"column\">\n\t\t\t<div class=\"elementor-widget-wrap elementor-element-populated\">\n\t\t\t\t\t\t<section class=\"elementor-section elementor-inner-section elementor-element elementor-element-365e5f5 elementor-section-height-min-height elementor-section-boxed elementor-section-height-default\" data-id=\"365e5f5\" data-element_type=\"section\" data-settings=\"{&quot;background_background&quot;:&quot;classic&quot;}\">\n\t\t\t\t\t\t<div class=\"elementor-container elementor-column-gap-default\">\n\t\t\t\t\t<div class=\"elementor-column elementor-col-100 elementor-inner-column elementor-element elementor-element-fcfcaed\" data-id=\"fcfcaed\" data-element_type=\"column\">\n\t\t\t<div class=\"elementor-widget-wrap elementor-element-populated\">\n\t\t\t\t\t\t<div class=\"elementor-element elementor-element-548f7d3 elementor-widget elementor-widget-text-editor\" data-id=\"548f7d3\" data-element_type=\"widget\" data-widget_type=\"text-editor.default\">\n\t\t\t\t<div class=\"elementor-widget-container\">\n\t\t\t\t\t\t\t\t\t<p>Apr\u00e8s des ann\u00e9es d&rsquo;experience dans mon jardin, je partage ci-dessous quelques conseils de plantation pour d\u00e9corer vos massif et vos terrasses. Suivez ces guides pour un r\u00e9sultat sans failles!<\/p>\t\t\t\t\t\t\t\t<\/div>\n\t\t\t\t<\/div>\n\t\t\t\t\t<\/div>\n\t\t<\/div>\n\t\t\t\t\t<\/div>\n\t\t<\/section>\n\t\t\t\t\t<\/div>\n\t\t<\/div>\n\t\t\t\t\t<\/div>\n\t\t<\/section>\n\t\t\t\t<section class=\"elementor-section elementor-top-section elementor-element elementor-element-7739c5a elementor-section-boxed elementor-section-height-default elementor-section-height-default\" data-id=\"7739c5a\" data-element_type=\"section\">\n\t\t\t\t\t\t<div class=\"elementor-container elementor-column-gap-default\">\n\t\t\t\t\t<div class=\"elementor-column elementor-col-100 elementor-top-column elementor-element elementor-element-4841739\" data-id=\"4841739\" data-element_type=\"column\">\n\t\t\t<div class=\"elementor-widget-wrap elementor-element-populated\">\n\t\t\t\t\t\t<div class=\"elementor-element elementor-element-0e5624d elementor-widget elementor-widget-bdt-post-grid\" data-id=\"0e5624d\" data-element_type=\"widget\" data-widget_type=\"bdt-post-grid.bdt-alter\">\n\t\t\t\t<div class=\"elementor-widget-container\">\n\t\t\t\t\t \n\t\t<div id=\"bdt-post-grid-0e5624d\" class=\"bdt-post-grid bdt-post-grid-skin-alter\">\n\n\t\t\t\t\t\t<div class=\"bdt-post-grid-item bdt-transition-toggle bdt-position-relative bdt-grid bdt-grid-collapse\" data-bdt-grid=\"\">\n\n\t\t\t\t<div class=\"bdt-position-relative bdt-width-auto@s bdt-pg-alter-image\">\n\t\t\t\t\t<div class=\"bdt-post-grid-img-wrap bdt-overflow-hidden\">\n\t\t\t\t<a href=\"https:\/\/gaspardatable.dev-wordpress.fr\/en\/guides-plantations\/reussir-la-plantation-des-pivoines\/\" class=\"bdt-transition-scale-up bdt-background-cover bdt-transition-opaque bdt-flex\" title=\"R\u00e9ussir la plantation des pivoines\" style=\"background-image: url(https:\/\/gaspardatable.dev-wordpress.fr\/wp-content\/uploads\/2022\/09\/Screenshot-2022-09-13-at-13.45.57-scaled.jpg)\">\n  \t\t\t\t<\/a>\n\t\t\t<\/div>\t\t\t\t\t\t\t\t\t<\/div>\n\n\t\t  \t\t<div class=\"bdt-post-grid-desc bdt-width-expand@s bdt-padding bdt-plane\">\n\t\t\t\t\t<h3 class=\"bdt-post-grid-title\">\n\t\t\t\t<a href=\"https:\/\/gaspardatable.dev-wordpress.fr\/en\/guides-plantations\/reussir-la-plantation-des-pivoines\/\" class=\"bdt-post-grid-link\" title=\"R\u00e9ussir la plantation des pivoines\">\n\t\t\t\t\tR\u00e9ussir la plantation des pivoines\n\t\t\t\t<\/a>\n\t\t\t<\/h3>\n\t\t\t\t\t\t\t<div class=\"bdt-post-grid-excerpt\">\n\t\t\t<p>Je cultive des dahlias dans mon jardin depuis plusieurs \u00e9t\u00e9s et si vous n\u2019en avez jamais cultiv\u00e9 auparavant, je vous garantis que vous vous passionnerez rapidement pour &#8230;<\/p>\n\t\t<\/div>\n\n\t\t\t\t\t\t\t\t\t<div>\n\t\t\t<a href=\"https:\/\/gaspardatable.dev-wordpress.fr\/en\/guides-plantations\/reussir-la-plantation-des-pivoines\/\"\n\t\t\t\tclass=\"bdt-post-grid-readmore bdt-display-inline-block\">\n\t\t\t\tLire la suite\t\n\t\t\t\t\t\t\t<\/a>\n\t\t<\/div>\n\t\t\t\t\t\t\t\n\t\t\t\t\t\t\t\t\t<\/div>\n\n\t\t\t<\/div>\n\t\t\t  \t\t\t\n\t  \t\t\t\n\t\t\t\t\t\t<div class=\"bdt-post-grid-item bdt-transition-toggle bdt-position-relative bdt-grid bdt-grid-collapse\" data-bdt-grid=\"\">\n\n\t\t\t\t<div class=\"bdt-position-relative bdt-width-auto@s bdt-pg-alter-image\">\n\t\t\t\t\t<div class=\"bdt-post-grid-img-wrap bdt-overflow-hidden\">\n\t\t\t\t<a href=\"https:\/\/gaspardatable.dev-wordpress.fr\/en\/guides-plantations\/comment-planter-des-tulipes\/\" class=\"bdt-transition-scale-up bdt-background-cover bdt-transition-opaque bdt-flex\" title=\"La plantation des tulipes\" style=\"background-image: url(https:\/\/gaspardatable.dev-wordpress.fr\/wp-content\/uploads\/2022\/09\/Potees-tulipes-scaled.jpg)\">\n  \t\t\t\t<\/a>\n\t\t\t<\/div>\t\t\t\t\t\t\t\t\t<\/div>\n\n\t\t  \t\t<div class=\"bdt-post-grid-desc bdt-width-expand@s bdt-padding bdt-flex-first@s bdt-alter\">\n\t\t\t\t\t<h3 class=\"bdt-post-grid-title\">\n\t\t\t\t<a href=\"https:\/\/gaspardatable.dev-wordpress.fr\/en\/guides-plantations\/comment-planter-des-tulipes\/\" class=\"bdt-post-grid-link\" title=\"La plantation des tulipes\">\n\t\t\t\t\tLa plantation des tulipes\n\t\t\t\t<\/a>\n\t\t\t<\/h3>\n\t\t\t\t\t\t\t<div class=\"bdt-post-grid-excerpt\">\n\t\t\t<p>Je cultive des dahlias dans mon jardin depuis plusieurs \u00e9t\u00e9s et si vous n\u2019en avez jamais cultiv\u00e9 auparavant, je vous garantis que vous vous passionnerez rapidement pour &#8230;<\/p>\n\t\t<\/div>\n\n\t\t\t\t\t\t\t\t\t<div>\n\t\t\t<a href=\"https:\/\/gaspardatable.dev-wordpress.fr\/en\/guides-plantations\/comment-planter-des-tulipes\/\"\n\t\t\t\tclass=\"bdt-post-grid-readmore bdt-display-inline-block\">\n\t\t\t\tLire la suite\t\n\t\t\t\t\t\t\t<\/a>\n\t\t<\/div>\n\t\t\t\t\t\t\t\n\t\t\t\t\t\t\t\t\t<\/div>\n\n\t\t\t<\/div>\n\t\t\t  \t\t\t\n\t  \t\t\t\n\t\t\t\t\t\t<div class=\"bdt-post-grid-item bdt-transition-toggle bdt-position-relative bdt-grid bdt-grid-collapse\" data-bdt-grid=\"\">\n\n\t\t\t\t<div class=\"bdt-position-relative bdt-width-auto@s bdt-pg-alter-image\">\n\t\t\t\t\t<div class=\"bdt-post-grid-img-wrap bdt-overflow-hidden\">\n\t\t\t\t<a href=\"https:\/\/gaspardatable.dev-wordpress.fr\/en\/guides-plantations\/plantation-des-narcissis\/\" class=\"bdt-transition-scale-up bdt-background-cover bdt-transition-opaque bdt-flex\" title=\"Devenez un pro des narcisses\" style=\"background-image: url(https:\/\/gaspardatable.dev-wordpress.fr\/wp-content\/uploads\/2022\/02\/Je-teste-dans-mon-jardin.jpg)\">\n  \t\t\t\t<\/a>\n\t\t\t<\/div>\t\t\t\t\t\t\t\t\t<\/div>\n\n\t\t  \t\t<div class=\"bdt-post-grid-desc bdt-width-expand@s bdt-padding bdt-plane\">\n\t\t\t\t\t<h3 class=\"bdt-post-grid-title\">\n\t\t\t\t<a href=\"https:\/\/gaspardatable.dev-wordpress.fr\/en\/guides-plantations\/plantation-des-narcissis\/\" class=\"bdt-post-grid-link\" title=\"Devenez un pro des narcisses\">\n\t\t\t\t\tDevenez un pro des narcisses\n\t\t\t\t<\/a>\n\t\t\t<\/h3>\n\t\t\t\t\t\t\t<div class=\"bdt-post-grid-excerpt\">\n\t\t\t<p>Je cultive des dahlias dans mon jardin depuis plusieurs \u00e9t\u00e9s et si vous n\u2019en avez jamais cultiv\u00e9 auparavant, je vous garantis que vous vous passionnerez rapidement pour &#8230;<\/p>\n\t\t<\/div>\n\n\t\t\t\t\t\t\t\t\t<div>\n\t\t\t<a href=\"https:\/\/gaspardatable.dev-wordpress.fr\/en\/guides-plantations\/plantation-des-narcissis\/\"\n\t\t\t\tclass=\"bdt-post-grid-readmore bdt-display-inline-block\">\n\t\t\t\tLire la suite\t\n\t\t\t\t\t\t\t<\/a>\n\t\t<\/div>\n\t\t\t\t\t\t\t\n\t\t\t\t\t\t\t\t\t<\/div>\n\n\t\t\t<\/div>\n\t\t\t  \t\t\t\n\t  \t\t\t\n\t\t\t\t\t\t<div class=\"bdt-post-grid-item bdt-transition-toggle bdt-position-relative bdt-grid bdt-grid-collapse\" data-bdt-grid=\"\">\n\n\t\t\t\t<div class=\"bdt-position-relative bdt-width-auto@s bdt-pg-alter-image\">\n\t\t\t\t\t<div class=\"bdt-post-grid-img-wrap bdt-overflow-hidden\">\n\t\t\t\t<a href=\"https:\/\/gaspardatable.dev-wordpress.fr\/en\/guides-plantations\/comment-planter-des-dahlias\/\" class=\"bdt-transition-scale-up bdt-background-cover bdt-transition-opaque bdt-flex\" title=\"Comment planter des Dahlias ?\" style=\"background-image: url(https:\/\/gaspardatable.dev-wordpress.fr\/wp-content\/uploads\/2022\/02\/dahlia-sur-charriot-1-scaled.jpg)\">\n  \t\t\t\t<\/a>\n\t\t\t<\/div>\t\t\t\t\t\t\t\t\t<\/div>\n\n\t\t  \t\t<div class=\"bdt-post-grid-desc bdt-width-expand@s bdt-padding bdt-flex-first@s bdt-alter\">\n\t\t\t\t\t<h3 class=\"bdt-post-grid-title\">\n\t\t\t\t<a href=\"https:\/\/gaspardatable.dev-wordpress.fr\/en\/guides-plantations\/comment-planter-des-dahlias\/\" class=\"bdt-post-grid-link\" title=\"Comment planter des Dahlias ?\">\n\t\t\t\t\tComment planter des Dahlias ?\n\t\t\t\t<\/a>\n\t\t\t<\/h3>\n\t\t\t\t\t\t\t<div class=\"bdt-post-grid-excerpt\">\n\t\t\t<p>Je cultive des dahlias dans mon jardin depuis plusieurs \u00e9t\u00e9s et si vous n\u2019en avez jamais cultiv\u00e9 auparavant, je vous garantis que vous vous passionnerez rapidement pour &#8230;<\/p>\n\t\t<\/div>\n\n\t\t\t\t\t\t\t\t\t<div>\n\t\t\t<a href=\"https:\/\/gaspardatable.dev-wordpress.fr\/en\/guides-plantations\/comment-planter-des-dahlias\/\"\n\t\t\t\tclass=\"bdt-post-grid-readmore bdt-display-inline-block\">\n\t\t\t\tLire la suite\t\n\t\t\t\t\t\t\t<\/a>\n\t\t<\/div>\n\t\t\t\t\t\t\t\n\t\t\t\t\t\t\t\t\t<\/div>\n\n\t\t\t<\/div>\n\t\t\t  \t\t\t\n\t  \t\t\t\n\t\t\t\t\t<\/div>\t\n \t\t\t\t\t<div class=\"ep-pagination\">\n\t\t\t\t\t\t\t<\/div>\n\t\t\t\t\t\t\t<\/div>\n\t\t\t\t<\/div>\n\t\t\t\t\t<\/div>\n\t\t<\/div>\n\t\t\t\t\t<\/div>\n\t\t<\/section>\n\t\t\t\t<\/div>","protected":false},"excerpt":{"rendered":"<p>Guides de plantations Apr\u00e8s des ann\u00e9es d&rsquo;experience dans mon jardin, je partage ci-dessous quelques conseils de plantation pour d\u00e9corer vos massif et vos terrasses. Suivez ces guides pour un r\u00e9sultat sans failles! R\u00e9ussir la plantation des pivoines Je cultive des dahlias dans mon jardin depuis plusieurs \u00e9t\u00e9s et si vous n\u2019en avez jamais cultiv\u00e9 auparavant, [&hellip;]<\/p>","protected":false},"author":1,"featured_media":3333,"parent":0,"menu_order":0,"comment_status":"closed","ping_status":"closed","template":"elementor_header_footer","meta":{"_acf_changed":false,"footnotes":""},"class_list":["post-15","page","type-page","status-publish","has-post-thumbnail","hentry"],"acf":[],"yoast_head":"<!-- This site is optimized with the Yoast SEO plugin v26.8 - https:\/\/yoast.com\/product\/yoast-seo-wordpress\/ -->\n<title>Nos guides de plantation - Gaspardatable<\/title>\n<meta name=\"description\" content=\"R\u00e9ussissez vos fleurs gr\u00e2ce \u00e0 mes guides des plantations gratuits ! Je vous donne mes astuces pour planter ses dahlias, etc.. comme un pro !\" \/>\n<meta name=\"robots\" content=\"noindex, follow, max-snippet:-1, max-image-preview:large, max-video-preview:-1\" \/>\n<meta property=\"og:locale\" content=\"en_US\" \/>\n<meta property=\"og:type\" content=\"article\" \/>\n<meta property=\"og:title\" content=\"Nos guides de plantation - Gaspardatable\" \/>\n<meta property=\"og:description\" content=\"R\u00e9ussissez vos fleurs gr\u00e2ce \u00e0 mes guides des plantations gratuits ! Je vous donne mes astuces pour planter ses dahlias, etc.. comme un pro !\" \/>\n<meta property=\"og:url\" content=\"https:\/\/gaspardatable.dev-wordpress.fr\/en\/guide-de-plantation\/\" \/>\n<meta property=\"og:site_name\" content=\"Gaspardatable\" \/>\n<meta property=\"article:modified_time\" content=\"2023-01-24T07:49:09+00:00\" \/>\n<meta property=\"og:image\" content=\"https:\/\/gaspardatable.dev-wordpress.fr\/wp-content\/uploads\/2022\/02\/comment-planter-bulbes-dahlia.jpg\" \/>\n\t<meta property=\"og:image:width\" content=\"1920\" \/>\n\t<meta property=\"og:image:height\" content=\"855\" \/>\n\t<meta property=\"og:image:type\" content=\"image\/jpeg\" \/>\n<meta name=\"twitter:card\" content=\"summary_large_image\" \/>\n<meta name=\"twitter:label1\" content=\"Est. reading time\" \/>\n\t<meta name=\"twitter:data1\" content=\"1 minute\" \/>\n<script type=\"application\/ld+json\" class=\"yoast-schema-graph\">{\"@context\":\"https:\/\/schema.org\",\"@graph\":[{\"@type\":\"WebPage\",\"@id\":\"https:\/\/gaspardatable.dev-wordpress.fr\/guide-de-plantation\/\",\"url\":\"https:\/\/gaspardatable.dev-wordpress.fr\/guide-de-plantation\/\",\"name\":\"Nos guides de plantation - Gaspardatable\",\"isPartOf\":{\"@id\":\"https:\/\/gaspardatable.dev-wordpress.fr\/#website\"},\"primaryImageOfPage\":{\"@id\":\"https:\/\/gaspardatable.dev-wordpress.fr\/guide-de-plantation\/#primaryimage\"},\"image\":{\"@id\":\"https:\/\/gaspardatable.dev-wordpress.fr\/guide-de-plantation\/#primaryimage\"},\"thumbnailUrl\":\"https:\/\/gaspardatable.dev-wordpress.fr\/wp-content\/uploads\/2022\/02\/comment-planter-bulbes-dahlia.jpg\",\"datePublished\":\"2022-01-22T12:28:34+00:00\",\"dateModified\":\"2023-01-24T07:49:09+00:00\",\"description\":\"R\u00e9ussissez vos fleurs gr\u00e2ce \u00e0 mes guides des plantations gratuits ! Je vous donne mes astuces pour planter ses dahlias, etc.. comme un pro !\",\"breadcrumb\":{\"@id\":\"https:\/\/gaspardatable.dev-wordpress.fr\/guide-de-plantation\/#breadcrumb\"},\"inLanguage\":\"en-US\",\"potentialAction\":[{\"@type\":\"ReadAction\",\"target\":[\"https:\/\/gaspardatable.dev-wordpress.fr\/guide-de-plantation\/\"]}]},{\"@type\":\"ImageObject\",\"inLanguage\":\"en-US\",\"@id\":\"https:\/\/gaspardatable.dev-wordpress.fr\/guide-de-plantation\/#primaryimage\",\"url\":\"https:\/\/gaspardatable.dev-wordpress.fr\/wp-content\/uploads\/2022\/02\/comment-planter-bulbes-dahlia.jpg\",\"contentUrl\":\"https:\/\/gaspardatable.dev-wordpress.fr\/wp-content\/uploads\/2022\/02\/comment-planter-bulbes-dahlia.jpg\",\"width\":1920,\"height\":855,\"caption\":\"comment planter ses dahlias\"},{\"@type\":\"BreadcrumbList\",\"@id\":\"https:\/\/gaspardatable.dev-wordpress.fr\/guide-de-plantation\/#breadcrumb\",\"itemListElement\":[{\"@type\":\"ListItem\",\"position\":1,\"name\":\"Accueil\",\"item\":\"https:\/\/gaspardatable.dev-wordpress.fr\/\"},{\"@type\":\"ListItem\",\"position\":2,\"name\":\"Guide de plantation\"}]},{\"@type\":\"WebSite\",\"@id\":\"https:\/\/gaspardatable.dev-wordpress.fr\/#website\",\"url\":\"https:\/\/gaspardatable.dev-wordpress.fr\/\",\"name\":\"Gaspardatable\",\"description\":\"\",\"publisher\":{\"@id\":\"https:\/\/gaspardatable.dev-wordpress.fr\/#organization\"},\"potentialAction\":[{\"@type\":\"SearchAction\",\"target\":{\"@type\":\"EntryPoint\",\"urlTemplate\":\"https:\/\/gaspardatable.dev-wordpress.fr\/?s={search_term_string}\"},\"query-input\":{\"@type\":\"PropertyValueSpecification\",\"valueRequired\":true,\"valueName\":\"search_term_string\"}}],\"inLanguage\":\"en-US\"},{\"@type\":\"Organization\",\"@id\":\"https:\/\/gaspardatable.dev-wordpress.fr\/#organization\",\"name\":\"Gaspardatable\",\"url\":\"https:\/\/gaspardatable.dev-wordpress.fr\/\",\"logo\":{\"@type\":\"ImageObject\",\"inLanguage\":\"en-US\",\"@id\":\"https:\/\/gaspardatable.dev-wordpress.fr\/#\/schema\/logo\/image\/\",\"url\":\"https:\/\/gaspardatable.dev-wordpress.fr\/wp-content\/uploads\/2022\/01\/logo-gris.svg\",\"contentUrl\":\"https:\/\/gaspardatable.dev-wordpress.fr\/wp-content\/uploads\/2022\/01\/logo-gris.svg\",\"width\":79,\"height\":56,\"caption\":\"Gaspardatable\"},\"image\":{\"@id\":\"https:\/\/gaspardatable.dev-wordpress.fr\/#\/schema\/logo\/image\/\"}}]}<\/script>\n<!-- \/ Yoast SEO plugin. -->","yoast_head_json":{"title":"Nos guides de plantation - Gaspardatable","description":"R\u00e9ussissez vos fleurs gr\u00e2ce \u00e0 mes guides des plantations gratuits ! Je vous donne mes astuces pour planter ses dahlias, etc.. comme un pro !","robots":{"index":"noindex","follow":"follow","max-snippet":"max-snippet:-1","max-image-preview":"max-image-preview:large","max-video-preview":"max-video-preview:-1"},"og_locale":"en_US","og_type":"article","og_title":"Nos guides de plantation - Gaspardatable","og_description":"R\u00e9ussissez vos fleurs gr\u00e2ce \u00e0 mes guides des plantations gratuits ! Je vous donne mes astuces pour planter ses dahlias, etc.. comme un pro !","og_url":"https:\/\/gaspardatable.dev-wordpress.fr\/en\/guide-de-plantation\/","og_site_name":"Gaspardatable","article_modified_time":"2023-01-24T07:49:09+00:00","og_image":[{"width":1920,"height":855,"url":"https:\/\/gaspardatable.dev-wordpress.fr\/wp-content\/uploads\/2022\/02\/comment-planter-bulbes-dahlia.jpg","type":"image\/jpeg"}],"twitter_card":"summary_large_image","twitter_misc":{"Est. reading time":"1 minute"},"schema":{"@context":"https:\/\/schema.org","@graph":[{"@type":"WebPage","@id":"https:\/\/gaspardatable.dev-wordpress.fr\/guide-de-plantation\/","url":"https:\/\/gaspardatable.dev-wordpress.fr\/guide-de-plantation\/","name":"Nos guides de plantation - Gaspardatable","isPartOf":{"@id":"https:\/\/gaspardatable.dev-wordpress.fr\/#website"},"primaryImageOfPage":{"@id":"https:\/\/gaspardatable.dev-wordpress.fr\/guide-de-plantation\/#primaryimage"},"image":{"@id":"https:\/\/gaspardatable.dev-wordpress.fr\/guide-de-plantation\/#primaryimage"},"thumbnailUrl":"https:\/\/gaspardatable.dev-wordpress.fr\/wp-content\/uploads\/2022\/02\/comment-planter-bulbes-dahlia.jpg","datePublished":"2022-01-22T12:28:34+00:00","dateModified":"2023-01-24T07:49:09+00:00","description":"R\u00e9ussissez vos fleurs gr\u00e2ce \u00e0 mes guides des plantations gratuits ! Je vous donne mes astuces pour planter ses dahlias, etc.. comme un pro !","breadcrumb":{"@id":"https:\/\/gaspardatable.dev-wordpress.fr\/guide-de-plantation\/#breadcrumb"},"inLanguage":"en-US","potentialAction":[{"@type":"ReadAction","target":["https:\/\/gaspardatable.dev-wordpress.fr\/guide-de-plantation\/"]}]},{"@type":"ImageObject","inLanguage":"en-US","@id":"https:\/\/gaspardatable.dev-wordpress.fr\/guide-de-plantation\/#primaryimage","url":"https:\/\/gaspardatable.dev-wordpress.fr\/wp-content\/uploads\/2022\/02\/comment-planter-bulbes-dahlia.jpg","contentUrl":"https:\/\/gaspardatable.dev-wordpress.fr\/wp-content\/uploads\/2022\/02\/comment-planter-bulbes-dahlia.jpg","width":1920,"height":855,"caption":"comment planter ses dahlias"},{"@type":"BreadcrumbList","@id":"https:\/\/gaspardatable.dev-wordpress.fr\/guide-de-plantation\/#breadcrumb","itemListElement":[{"@type":"ListItem","position":1,"name":"Accueil","item":"https:\/\/gaspardatable.dev-wordpress.fr\/"},{"@type":"ListItem","position":2,"name":"Guide de plantation"}]},{"@type":"WebSite","@id":"https:\/\/gaspardatable.dev-wordpress.fr\/#website","url":"https:\/\/gaspardatable.dev-wordpress.fr\/","name":"Gaspardatable","description":"","publisher":{"@id":"https:\/\/gaspardatable.dev-wordpress.fr\/#organization"},"potentialAction":[{"@type":"SearchAction","target":{"@type":"EntryPoint","urlTemplate":"https:\/\/gaspardatable.dev-wordpress.fr\/?s={search_term_string}"},"query-input":{"@type":"PropertyValueSpecification","valueRequired":true,"valueName":"search_term_string"}}],"inLanguage":"en-US"},{"@type":"Organization","@id":"https:\/\/gaspardatable.dev-wordpress.fr\/#organization","name":"Gaspardatable","url":"https:\/\/gaspardatable.dev-wordpress.fr\/","logo":{"@type":"ImageObject","inLanguage":"en-US","@id":"https:\/\/gaspardatable.dev-wordpress.fr\/#\/schema\/logo\/image\/","url":"https:\/\/gaspardatable.dev-wordpress.fr\/wp-content\/uploads\/2022\/01\/logo-gris.svg","contentUrl":"https:\/\/gaspardatable.dev-wordpress.fr\/wp-content\/uploads\/2022\/01\/logo-gris.svg","width":79,"height":56,"caption":"Gaspardatable"},"image":{"@id":"https:\/\/gaspardatable.dev-wordpress.fr\/#\/schema\/logo\/image\/"}}]}},"_links":{"self":[{"href":"https:\/\/gaspardatable.dev-wordpress.fr\/en\/wp-json\/wp\/v2\/pages\/15","targetHints":{"allow":["GET"]}}],"collection":[{"href":"https:\/\/gaspardatable.dev-wordpress.fr\/en\/wp-json\/wp\/v2\/pages"}],"about":[{"href":"https:\/\/gaspardatable.dev-wordpress.fr\/en\/wp-json\/wp\/v2\/types\/page"}],"author":[{"embeddable":true,"href":"https:\/\/gaspardatable.dev-wordpress.fr\/en\/wp-json\/wp\/v2\/users\/1"}],"replies":[{"embeddable":true,"href":"https:\/\/gaspardatable.dev-wordpress.fr\/en\/wp-json\/wp\/v2\/comments?post=15"}],"version-history":[{"count":7,"href":"https:\/\/gaspardatable.dev-wordpress.fr\/en\/wp-json\/wp\/v2\/pages\/15\/revisions"}],"predecessor-version":[{"id":5132682,"href":"https:\/\/gaspardatable.dev-wordpress.fr\/en\/wp-json\/wp\/v2\/pages\/15\/revisions\/5132682"}],"wp:featuredmedia":[{"embeddable":true,"href":"https:\/\/gaspardatable.dev-wordpress.fr\/en\/wp-json\/wp\/v2\/media\/3333"}],"wp:attachment":[{"href":"https:\/\/gaspardatable.dev-wordpress.fr\/en\/wp-json\/wp\/v2\/media?parent=15"}],"curies":[{"name":"wp","href":"https:\/\/api.w.org\/{rel}","templated":true}]}}