{"id":2041,"date":"2022-02-09T14:02:55","date_gmt":"2022-02-09T13:02:55","guid":{"rendered":"https:\/\/gaspardatable.dev-wordpress.fr\/?page_id=2041"},"modified":"2022-03-04T09:57:26","modified_gmt":"2022-03-04T08:57:26","slug":"livraison","status":"publish","type":"page","link":"https:\/\/gaspardatable.dev-wordpress.fr\/en\/livraison\/","title":{"rendered":"Livraison"},"content":{"rendered":"<div data-elementor-type=\"wp-page\" data-elementor-id=\"2041\" class=\"elementor elementor-2041\" data-elementor-settings=\"{&quot;element_pack_global_tooltip_width&quot;:{&quot;unit&quot;:&quot;px&quot;,&quot;size&quot;:&quot;&quot;,&quot;sizes&quot;:[]},&quot;element_pack_global_tooltip_width_tablet&quot;:{&quot;unit&quot;:&quot;px&quot;,&quot;size&quot;:&quot;&quot;,&quot;sizes&quot;:[]},&quot;element_pack_global_tooltip_width_mobile&quot;:{&quot;unit&quot;:&quot;px&quot;,&quot;size&quot;:&quot;&quot;,&quot;sizes&quot;:[]},&quot;element_pack_global_tooltip_padding&quot;:{&quot;unit&quot;:&quot;px&quot;,&quot;top&quot;:&quot;&quot;,&quot;right&quot;:&quot;&quot;,&quot;bottom&quot;:&quot;&quot;,&quot;left&quot;:&quot;&quot;,&quot;isLinked&quot;:true},&quot;element_pack_global_tooltip_padding_tablet&quot;:{&quot;unit&quot;:&quot;px&quot;,&quot;top&quot;:&quot;&quot;,&quot;right&quot;:&quot;&quot;,&quot;bottom&quot;:&quot;&quot;,&quot;left&quot;:&quot;&quot;,&quot;isLinked&quot;:true},&quot;element_pack_global_tooltip_padding_mobile&quot;:{&quot;unit&quot;:&quot;px&quot;,&quot;top&quot;:&quot;&quot;,&quot;right&quot;:&quot;&quot;,&quot;bottom&quot;:&quot;&quot;,&quot;left&quot;:&quot;&quot;,&quot;isLinked&quot;:true},&quot;element_pack_global_tooltip_border_radius&quot;:{&quot;unit&quot;:&quot;px&quot;,&quot;top&quot;:&quot;&quot;,&quot;right&quot;:&quot;&quot;,&quot;bottom&quot;:&quot;&quot;,&quot;left&quot;:&quot;&quot;,&quot;isLinked&quot;:true},&quot;element_pack_global_tooltip_border_radius_tablet&quot;:{&quot;unit&quot;:&quot;px&quot;,&quot;top&quot;:&quot;&quot;,&quot;right&quot;:&quot;&quot;,&quot;bottom&quot;:&quot;&quot;,&quot;left&quot;:&quot;&quot;,&quot;isLinked&quot;:true},&quot;element_pack_global_tooltip_border_radius_mobile&quot;:{&quot;unit&quot;:&quot;px&quot;,&quot;top&quot;:&quot;&quot;,&quot;right&quot;:&quot;&quot;,&quot;bottom&quot;:&quot;&quot;,&quot;left&quot;:&quot;&quot;,&quot;isLinked&quot;:true}}\" data-elementor-post-type=\"page\">\n\t\t\t\t\t\t<section class=\"elementor-section elementor-top-section elementor-element elementor-element-8766f04 elementor-section-boxed elementor-section-height-default elementor-section-height-default\" data-id=\"8766f04\" data-element_type=\"section\">\n\t\t\t\t\t\t<div class=\"elementor-container elementor-column-gap-default\">\n\t\t\t\t\t<div class=\"elementor-column elementor-col-100 elementor-top-column elementor-element elementor-element-8e21734\" data-id=\"8e21734\" data-element_type=\"column\">\n\t\t\t<div class=\"elementor-widget-wrap elementor-element-populated\">\n\t\t\t\t\t\t<div class=\"elementor-element elementor-element-833e1d1 elementor-widget elementor-widget-heading\" data-id=\"833e1d1\" data-element_type=\"widget\" data-widget_type=\"heading.default\">\n\t\t\t\t<div class=\"elementor-widget-container\">\n\t\t\t\t\t<h2 class=\"elementor-heading-title elementor-size-default\">Livraison<\/h2>\t\t\t\t<\/div>\n\t\t\t\t<\/div>\n\t\t\t\t<div class=\"elementor-element elementor-element-42360c9 elementor-widget elementor-widget-text-editor\" data-id=\"42360c9\" data-element_type=\"widget\" data-widget_type=\"text-editor.default\">\n\t\t\t\t<div class=\"elementor-widget-container\">\n\t\t\t\t\t\t\t\t\t<p>\u00a0<\/p><p><strong>Comment nous exp\u00e9dions?<\/strong><\/p><p>Nous exp\u00e9dions toutes les commandes en France en dans <strong>nombreux pays de l&rsquo;Europe<\/strong> via le service Colissimo.<\/p><p>Vous pouvez s\u00e9lectionner votre mode d&rsquo;exp\u00e9dition lors du payement.<\/p><p>Notre \u00e9quipe exp\u00e9die du mardi au jeudi (hors jours f\u00e9ri\u00e9s) . Les commandes pass\u00e9es seront g\u00e9n\u00e9ralement exp\u00e9di\u00e9es dans les 48 heures. <strong>Les dahlias seront exp\u00e9di\u00e9s \u00e0 partir de la 4\u00e8me semaine d&rsquo;avril.\u00a0<\/strong><\/p><p>Vous recevrez un e-mail de confirmation lorsque votre commande sera exp\u00e9di\u00e9e avec des informations de suivi.\u00a0<\/p><p>\u00a0<\/p><p><strong>Emballage<\/strong><\/p><p>Gaspardatable est une soci\u00e9t\u00e9 soucieuse de l&rsquo;environnement. On est tr\u00e8s attentifs \u00e0 utiliser des mat\u00e9riaux 100% recycl\u00e9s et recyclables. Si toute fois on ne trouvait pas un substitut 100% recycl\u00e9s et recyclables pour emballer v\u00f4tre commande on sera oblig\u00e9s d&rsquo;utiliser une alternative pour pouvoir vous l&rsquo;exp\u00e9dier.\u00a0<\/p><p>\u00a0<\/p><p><strong>Frais d&rsquo;exp\u00e9dition<\/strong><\/p><p>Les frais d&rsquo;exp\u00e9dition sont automatiquement calcul\u00e9s lors du payement en fonction des articles, du poids du lieu de l&rsquo;envoi et des tarifs du transporteur. Vous pouvez afficher les frais d&rsquo;exp\u00e9dition apr\u00e8s avoir entr\u00e9 vos informations d&rsquo;adresse et s\u00e9lectionn\u00e9 la m\u00e9thode d&rsquo;exp\u00e9dition dans votre panier avant le paiement. Ce co\u00fbt est fix\u00e9 par La Poste. Au co\u00fbt de l&rsquo;envoi s&rsquo;ajoute une participation de 0,5 cents pour l&#8217;emballage.<\/p><p>\u00a0<\/p><p><strong>Rajouter des produits \u00e0 une commande d\u00e9j\u00e0 pass\u00e9e<\/strong><\/p><p>Une fois qu&rsquo;une commande est pass\u00e9e, elle est imprim\u00e9e imm\u00e9diatement, puis plac\u00e9e dans la pile des commandes en attente. Malheureusement, en raison de notre minuscule \u00e9quipe et du volume de commandes, nous ne sommes pas toujours en mesure de combiner les commandes pass\u00e9es s\u00e9par\u00e9ment ou de modifier une commande une fois qu&rsquo;elle a \u00e9t\u00e9 pass\u00e9e. Essayez tout de m\u00eame \u00e0 nous envoyer un mail \u00e0 contact@gaspardatable.com<\/p><p>\u00a0<\/p><p><strong>Annuler une commande<\/strong><\/p><p>Si vous devez annuler l&rsquo;int\u00e9gralit\u00e9 de votre commande, veuillez nous contacter d\u00e8s que possible avec votre num\u00e9ro de commande. Votre num\u00e9ro de commande se trouve dans votre e-mail de confirmation de commande. Nous ne sommes pas en mesure d&rsquo;annuler ou de supprimer des articles individuels de votre commande.\u00a0\u00a0<\/p><p>\u00a0<\/p><p><strong>Outils, fournitures et livres <\/strong><\/p><p>Si des articles sont endommag\u00e9s pendant le transport ou si vous recevez une commande incorrecte, veuillez nous contacter et nous les remplacerons.\u00a0<\/p><p>\u00a0<\/p><p><strong>Carte cadeau et code promo<\/strong><\/p><p>Les cartes-cadeaux achet\u00e9es dans la boutique Gaspardatable peuvent \u00eatre utilis\u00e9es dans le champ \u00ab Carte cadeau ou code promo \u00bb lors du payement.<\/p><p>\u00a0<\/p><p><strong>Exp\u00e9dition hors Europe Schengen<\/strong><\/p><p>Nous ne sommes pas en mesure d&rsquo;exp\u00e9dier nos plantes en dehors de l&rsquo;espace Schengen \u00e0 cause de restrictions phytosanitaires.<\/p>\t\t\t\t\t\t\t\t<\/div>\n\t\t\t\t<\/div>\n\t\t\t\t\t<\/div>\n\t\t<\/div>\n\t\t\t\t\t<\/div>\n\t\t<\/section>\n\t\t\t\t<\/div>","protected":false},"excerpt":{"rendered":"<p>\u00a0 Comment nous exp\u00e9dions? Nous exp\u00e9dions toutes les commandes en France en dans nombreux pays de l&rsquo;Europe via le service Colissimo. Vous pouvez s\u00e9lectionner votre mode d&rsquo;exp\u00e9dition lors du payement. Notre \u00e9quipe exp\u00e9die du mardi au jeudi (hors jours f\u00e9ri\u00e9s) . Les commandes pass\u00e9es seront g\u00e9n\u00e9ralement exp\u00e9di\u00e9es dans les 48 heures. Les dahlias seront exp\u00e9di\u00e9s [&hellip;]<\/p>","protected":false},"author":1,"featured_media":0,"parent":0,"menu_order":0,"comment_status":"closed","ping_status":"closed","template":"","meta":{"_acf_changed":false,"footnotes":""},"class_list":["post-2041","page","type-page","status-publish","hentry"],"acf":[],"yoast_head":"<!-- This site is optimized with the Yoast SEO plugin v26.8 - https:\/\/yoast.com\/product\/yoast-seo-wordpress\/ -->\n<title>Livraison - Gaspardatable<\/title>\n<meta name=\"description\" content=\"Gaspardatable vous propose une s\u00e9lection de bulbe de dahlia, narcisses, pivoines et tulipes unique en France - Contr\u00f4le qualit\u00e9 - Livraison 48h - D\u00e9marche eco-responsable\" \/>\n<meta name=\"robots\" content=\"noindex, follow, max-snippet:-1, max-image-preview:large, max-video-preview:-1\" \/>\n<meta property=\"og:locale\" content=\"en_US\" \/>\n<meta property=\"og:type\" content=\"article\" \/>\n<meta property=\"og:title\" content=\"Livraison - Gaspardatable\" \/>\n<meta property=\"og:description\" content=\"Gaspardatable vous propose une s\u00e9lection de bulbe de dahlia, narcisses, pivoines et tulipes unique en France - Contr\u00f4le qualit\u00e9 - Livraison 48h - D\u00e9marche eco-responsable\" \/>\n<meta property=\"og:url\" content=\"https:\/\/gaspardatable.dev-wordpress.fr\/en\/livraison\/\" \/>\n<meta property=\"og:site_name\" content=\"Gaspardatable\" \/>\n<meta property=\"article:modified_time\" content=\"2022-03-04T08:57:26+00:00\" \/>\n<meta name=\"twitter:card\" content=\"summary_large_image\" \/>\n<meta name=\"twitter:label1\" content=\"Est. reading time\" \/>\n\t<meta name=\"twitter:data1\" content=\"3 minutes\" \/>\n<script type=\"application\/ld+json\" class=\"yoast-schema-graph\">{\"@context\":\"https:\/\/schema.org\",\"@graph\":[{\"@type\":\"WebPage\",\"@id\":\"https:\/\/gaspardatable.dev-wordpress.fr\/livraison\/\",\"url\":\"https:\/\/gaspardatable.dev-wordpress.fr\/livraison\/\",\"name\":\"Livraison - Gaspardatable\",\"isPartOf\":{\"@id\":\"https:\/\/gaspardatable.dev-wordpress.fr\/#website\"},\"datePublished\":\"2022-02-09T13:02:55+00:00\",\"dateModified\":\"2022-03-04T08:57:26+00:00\",\"description\":\"Gaspardatable vous propose une s\u00e9lection de bulbe de dahlia, narcisses, pivoines et tulipes unique en France - Contr\u00f4le qualit\u00e9 - Livraison 48h - D\u00e9marche eco-responsable\",\"breadcrumb\":{\"@id\":\"https:\/\/gaspardatable.dev-wordpress.fr\/livraison\/#breadcrumb\"},\"inLanguage\":\"en-US\",\"potentialAction\":[{\"@type\":\"ReadAction\",\"target\":[\"https:\/\/gaspardatable.dev-wordpress.fr\/livraison\/\"]}]},{\"@type\":\"BreadcrumbList\",\"@id\":\"https:\/\/gaspardatable.dev-wordpress.fr\/livraison\/#breadcrumb\",\"itemListElement\":[{\"@type\":\"ListItem\",\"position\":1,\"name\":\"Accueil\",\"item\":\"https:\/\/gaspardatable.dev-wordpress.fr\/\"},{\"@type\":\"ListItem\",\"position\":2,\"name\":\"Livraison\"}]},{\"@type\":\"WebSite\",\"@id\":\"https:\/\/gaspardatable.dev-wordpress.fr\/#website\",\"url\":\"https:\/\/gaspardatable.dev-wordpress.fr\/\",\"name\":\"Gaspardatable\",\"description\":\"\",\"publisher\":{\"@id\":\"https:\/\/gaspardatable.dev-wordpress.fr\/#organization\"},\"potentialAction\":[{\"@type\":\"SearchAction\",\"target\":{\"@type\":\"EntryPoint\",\"urlTemplate\":\"https:\/\/gaspardatable.dev-wordpress.fr\/?s={search_term_string}\"},\"query-input\":{\"@type\":\"PropertyValueSpecification\",\"valueRequired\":true,\"valueName\":\"search_term_string\"}}],\"inLanguage\":\"en-US\"},{\"@type\":\"Organization\",\"@id\":\"https:\/\/gaspardatable.dev-wordpress.fr\/#organization\",\"name\":\"Gaspardatable\",\"url\":\"https:\/\/gaspardatable.dev-wordpress.fr\/\",\"logo\":{\"@type\":\"ImageObject\",\"inLanguage\":\"en-US\",\"@id\":\"https:\/\/gaspardatable.dev-wordpress.fr\/#\/schema\/logo\/image\/\",\"url\":\"https:\/\/gaspardatable.dev-wordpress.fr\/wp-content\/uploads\/2022\/01\/logo-gris.svg\",\"contentUrl\":\"https:\/\/gaspardatable.dev-wordpress.fr\/wp-content\/uploads\/2022\/01\/logo-gris.svg\",\"width\":79,\"height\":56,\"caption\":\"Gaspardatable\"},\"image\":{\"@id\":\"https:\/\/gaspardatable.dev-wordpress.fr\/#\/schema\/logo\/image\/\"}}]}<\/script>\n<!-- \/ Yoast SEO plugin. -->","yoast_head_json":{"title":"Livraison - Gaspardatable","description":"Gaspardatable vous propose une s\u00e9lection de bulbe de dahlia, narcisses, pivoines et tulipes unique en France - Contr\u00f4le qualit\u00e9 - Livraison 48h - D\u00e9marche eco-responsable","robots":{"index":"noindex","follow":"follow","max-snippet":"max-snippet:-1","max-image-preview":"max-image-preview:large","max-video-preview":"max-video-preview:-1"},"og_locale":"en_US","og_type":"article","og_title":"Livraison - Gaspardatable","og_description":"Gaspardatable vous propose une s\u00e9lection de bulbe de dahlia, narcisses, pivoines et tulipes unique en France - Contr\u00f4le qualit\u00e9 - Livraison 48h - D\u00e9marche eco-responsable","og_url":"https:\/\/gaspardatable.dev-wordpress.fr\/en\/livraison\/","og_site_name":"Gaspardatable","article_modified_time":"2022-03-04T08:57:26+00:00","twitter_card":"summary_large_image","twitter_misc":{"Est. reading time":"3 minutes"},"schema":{"@context":"https:\/\/schema.org","@graph":[{"@type":"WebPage","@id":"https:\/\/gaspardatable.dev-wordpress.fr\/livraison\/","url":"https:\/\/gaspardatable.dev-wordpress.fr\/livraison\/","name":"Livraison - Gaspardatable","isPartOf":{"@id":"https:\/\/gaspardatable.dev-wordpress.fr\/#website"},"datePublished":"2022-02-09T13:02:55+00:00","dateModified":"2022-03-04T08:57:26+00:00","description":"Gaspardatable vous propose une s\u00e9lection de bulbe de dahlia, narcisses, pivoines et tulipes unique en France - Contr\u00f4le qualit\u00e9 - Livraison 48h - D\u00e9marche eco-responsable","breadcrumb":{"@id":"https:\/\/gaspardatable.dev-wordpress.fr\/livraison\/#breadcrumb"},"inLanguage":"en-US","potentialAction":[{"@type":"ReadAction","target":["https:\/\/gaspardatable.dev-wordpress.fr\/livraison\/"]}]},{"@type":"BreadcrumbList","@id":"https:\/\/gaspardatable.dev-wordpress.fr\/livraison\/#breadcrumb","itemListElement":[{"@type":"ListItem","position":1,"name":"Accueil","item":"https:\/\/gaspardatable.dev-wordpress.fr\/"},{"@type":"ListItem","position":2,"name":"Livraison"}]},{"@type":"WebSite","@id":"https:\/\/gaspardatable.dev-wordpress.fr\/#website","url":"https:\/\/gaspardatable.dev-wordpress.fr\/","name":"Gaspardatable","description":"","publisher":{"@id":"https:\/\/gaspardatable.dev-wordpress.fr\/#organization"},"potentialAction":[{"@type":"SearchAction","target":{"@type":"EntryPoint","urlTemplate":"https:\/\/gaspardatable.dev-wordpress.fr\/?s={search_term_string}"},"query-input":{"@type":"PropertyValueSpecification","valueRequired":true,"valueName":"search_term_string"}}],"inLanguage":"en-US"},{"@type":"Organization","@id":"https:\/\/gaspardatable.dev-wordpress.fr\/#organization","name":"Gaspardatable","url":"https:\/\/gaspardatable.dev-wordpress.fr\/","logo":{"@type":"ImageObject","inLanguage":"en-US","@id":"https:\/\/gaspardatable.dev-wordpress.fr\/#\/schema\/logo\/image\/","url":"https:\/\/gaspardatable.dev-wordpress.fr\/wp-content\/uploads\/2022\/01\/logo-gris.svg","contentUrl":"https:\/\/gaspardatable.dev-wordpress.fr\/wp-content\/uploads\/2022\/01\/logo-gris.svg","width":79,"height":56,"caption":"Gaspardatable"},"image":{"@id":"https:\/\/gaspardatable.dev-wordpress.fr\/#\/schema\/logo\/image\/"}}]}},"_links":{"self":[{"href":"https:\/\/gaspardatable.dev-wordpress.fr\/en\/wp-json\/wp\/v2\/pages\/2041","targetHints":{"allow":["GET"]}}],"collection":[{"href":"https:\/\/gaspardatable.dev-wordpress.fr\/en\/wp-json\/wp\/v2\/pages"}],"about":[{"href":"https:\/\/gaspardatable.dev-wordpress.fr\/en\/wp-json\/wp\/v2\/types\/page"}],"author":[{"embeddable":true,"href":"https:\/\/gaspardatable.dev-wordpress.fr\/en\/wp-json\/wp\/v2\/users\/1"}],"replies":[{"embeddable":true,"href":"https:\/\/gaspardatable.dev-wordpress.fr\/en\/wp-json\/wp\/v2\/comments?post=2041"}],"version-history":[{"count":0,"href":"https:\/\/gaspardatable.dev-wordpress.fr\/en\/wp-json\/wp\/v2\/pages\/2041\/revisions"}],"wp:attachment":[{"href":"https:\/\/gaspardatable.dev-wordpress.fr\/en\/wp-json\/wp\/v2\/media?parent=2041"}],"curies":[{"name":"wp","href":"https:\/\/api.w.org\/{rel}","templated":true}]}}