{"id":3150,"date":"2026-01-20T11:26:50","date_gmt":"2026-01-20T10:26:50","guid":{"rendered":"https:\/\/gaspardatable.dev-wordpress.fr\/?post_type=product&#038;p=3150"},"modified":"2026-02-05T13:32:56","modified_gmt":"2026-02-05T12:32:56","slug":"penhill-dark-monarch","status":"publish","type":"product","link":"https:\/\/gaspardatable.dev-wordpress.fr\/en\/product\/penhill-dark-monarch\/","title":{"rendered":"Penhill Dark Monarch"},"content":{"rendered":"<p><span style=\"color: #000000; font-family: Helvetica Neue; font-size: Normal;\">\u2018Penhill Dark Monarch\u2019 est l\u2019une de vari\u00e9t\u00e9s les plus incontournables et remarquables de mon jardin. Avec ses \u00e9normes fleurs g\u00e9antes \u00e9bouriff\u00e9es couleur prune fum\u00e9e et des touches de pourpre, il ne laisse personne indiff\u00e9rent face \u00e0 sa beaut\u00e9! Opulent et parfait en bouquet.<span class=\"Apple-converted-space\">\u00a0<\/span><\/span><br \/>\n<span style=\"color: #000000; font-family: Helvetica Neue; font-size: Normal;\"><br \/>\nExclusivit\u00e9 Gaspardatable.<\/span><\/p>","protected":false},"excerpt":{"rendered":"<p>\u2018Penhill Dark Monarch\u2019 est l\u2019une de vari\u00e9t\u00e9s les plus incontournables et remarquables de mon jardin. Avec ses \u00e9normes fleurs g\u00e9antes \u00e9bouriff\u00e9es couleur prune fum\u00e9e et des touches de pourpre, il ne laisse personne indiff\u00e9rent face \u00e0 sa beaut\u00e9! Opulent et parfait en bouquet.\u00a0 Exclusivit\u00e9 Gaspardatable.<\/p>","protected":false},"featured_media":2932,"template":"","meta":{"_acf_changed":false},"product_brand":[],"product_cat":[23,278],"product_tag":[],"class_list":{"0":"post-3150","1":"product","2":"type-product","3":"status-publish","4":"has-post-thumbnail","6":"product_cat-dahlia","7":"product_cat-toutes-nos-plantes","9":"first","10":"instock","11":"featured","12":"taxable","13":"shipping-taxable","14":"purchasable","15":"product-type-simple"},"acf":[],"yoast_head":"<!-- This site is optimized with the Yoast SEO plugin v26.8 - https:\/\/yoast.com\/product\/yoast-seo-wordpress\/ -->\n<title>Dahlias : Penhill Dark Monarch - Gaspardatable<\/title>\n<meta name=\"description\" content=\"D\u00e9couvrez tous les charmes de cette Dahlias : Penhill Dark Monarch sur Gaspardatable - Contr\u00f4le qualit\u00e9 - Livraison 48h - D\u00e9marche eco-responsable\" \/>\n<meta name=\"robots\" content=\"noindex, follow, max-snippet:-1, max-image-preview:large, max-video-preview:-1\" \/>\n<meta property=\"og:locale\" content=\"en_US\" \/>\n<meta property=\"og:type\" content=\"article\" \/>\n<meta property=\"og:title\" content=\"Dahlias : Penhill Dark Monarch - Gaspardatable\" \/>\n<meta property=\"og:description\" content=\"D\u00e9couvrez tous les charmes de cette Dahlias : Penhill Dark Monarch sur Gaspardatable - Contr\u00f4le qualit\u00e9 - Livraison 48h - D\u00e9marche eco-responsable\" \/>\n<meta property=\"og:url\" content=\"https:\/\/gaspardatable.dev-wordpress.fr\/en\/product\/penhill-dark-monarch\/\" \/>\n<meta property=\"og:site_name\" content=\"Gaspardatable\" \/>\n<meta property=\"article:modified_time\" content=\"2026-02-05T12:32:56+00:00\" \/>\n<meta property=\"og:image\" content=\"https:\/\/gaspardatable.dev-wordpress.fr\/wp-content\/uploads\/2022\/02\/Penhill-Dark-Monarch.jpg\" \/>\n\t<meta property=\"og:image:width\" content=\"800\" \/>\n\t<meta property=\"og:image:height\" content=\"1200\" \/>\n\t<meta property=\"og:image:type\" content=\"image\/jpeg\" \/>\n<meta name=\"twitter:card\" content=\"summary_large_image\" \/>\n<meta name=\"twitter:label1\" content=\"Est. reading time\" \/>\n\t<meta name=\"twitter:data1\" content=\"1 minute\" \/>\n<script type=\"application\/ld+json\" class=\"yoast-schema-graph\">{\"@context\":\"https:\/\/schema.org\",\"@graph\":[{\"@type\":\"WebPage\",\"@id\":\"https:\/\/gaspardatable.dev-wordpress.fr\/produit\/penhill-dark-monarch\/\",\"url\":\"https:\/\/gaspardatable.dev-wordpress.fr\/produit\/penhill-dark-monarch\/\",\"name\":\"Dahlias : Penhill Dark Monarch - Gaspardatable\",\"isPartOf\":{\"@id\":\"https:\/\/gaspardatable.dev-wordpress.fr\/#website\"},\"primaryImageOfPage\":{\"@id\":\"https:\/\/gaspardatable.dev-wordpress.fr\/produit\/penhill-dark-monarch\/#primaryimage\"},\"image\":{\"@id\":\"https:\/\/gaspardatable.dev-wordpress.fr\/produit\/penhill-dark-monarch\/#primaryimage\"},\"thumbnailUrl\":\"https:\/\/gaspardatable.dev-wordpress.fr\/wp-content\/uploads\/2022\/02\/Penhill-Dark-Monarch.jpg\",\"datePublished\":\"2026-01-20T10:26:50+00:00\",\"dateModified\":\"2026-02-05T12:32:56+00:00\",\"description\":\"D\u00e9couvrez tous les charmes de cette Dahlias : Penhill Dark Monarch sur Gaspardatable - Contr\u00f4le qualit\u00e9 - Livraison 48h - D\u00e9marche eco-responsable\",\"breadcrumb\":{\"@id\":\"https:\/\/gaspardatable.dev-wordpress.fr\/produit\/penhill-dark-monarch\/#breadcrumb\"},\"inLanguage\":\"en-US\",\"potentialAction\":[{\"@type\":\"ReadAction\",\"target\":[\"https:\/\/gaspardatable.dev-wordpress.fr\/produit\/penhill-dark-monarch\/\"]}]},{\"@type\":\"ImageObject\",\"inLanguage\":\"en-US\",\"@id\":\"https:\/\/gaspardatable.dev-wordpress.fr\/produit\/penhill-dark-monarch\/#primaryimage\",\"url\":\"https:\/\/gaspardatable.dev-wordpress.fr\/wp-content\/uploads\/2022\/02\/Penhill-Dark-Monarch.jpg\",\"contentUrl\":\"https:\/\/gaspardatable.dev-wordpress.fr\/wp-content\/uploads\/2022\/02\/Penhill-Dark-Monarch.jpg\",\"width\":800,\"height\":1200},{\"@type\":\"BreadcrumbList\",\"@id\":\"https:\/\/gaspardatable.dev-wordpress.fr\/produit\/penhill-dark-monarch\/#breadcrumb\",\"itemListElement\":[{\"@type\":\"ListItem\",\"position\":1,\"name\":\"Accueil\",\"item\":\"https:\/\/gaspardatable.dev-wordpress.fr\/\"},{\"@type\":\"ListItem\",\"position\":2,\"name\":\"Boutique\",\"item\":\"https:\/\/gaspardatable.dev-wordpress.fr\/boutique\/\"},{\"@type\":\"ListItem\",\"position\":3,\"name\":\"Penhill Dark Monarch\"}]},{\"@type\":\"WebSite\",\"@id\":\"https:\/\/gaspardatable.dev-wordpress.fr\/#website\",\"url\":\"https:\/\/gaspardatable.dev-wordpress.fr\/\",\"name\":\"Gaspardatable\",\"description\":\"\",\"publisher\":{\"@id\":\"https:\/\/gaspardatable.dev-wordpress.fr\/#organization\"},\"potentialAction\":[{\"@type\":\"SearchAction\",\"target\":{\"@type\":\"EntryPoint\",\"urlTemplate\":\"https:\/\/gaspardatable.dev-wordpress.fr\/?s={search_term_string}\"},\"query-input\":{\"@type\":\"PropertyValueSpecification\",\"valueRequired\":true,\"valueName\":\"search_term_string\"}}],\"inLanguage\":\"en-US\"},{\"@type\":\"Organization\",\"@id\":\"https:\/\/gaspardatable.dev-wordpress.fr\/#organization\",\"name\":\"Gaspardatable\",\"url\":\"https:\/\/gaspardatable.dev-wordpress.fr\/\",\"logo\":{\"@type\":\"ImageObject\",\"inLanguage\":\"en-US\",\"@id\":\"https:\/\/gaspardatable.dev-wordpress.fr\/#\/schema\/logo\/image\/\",\"url\":\"https:\/\/gaspardatable.dev-wordpress.fr\/wp-content\/uploads\/2022\/01\/logo-gris.svg\",\"contentUrl\":\"https:\/\/gaspardatable.dev-wordpress.fr\/wp-content\/uploads\/2022\/01\/logo-gris.svg\",\"width\":79,\"height\":56,\"caption\":\"Gaspardatable\"},\"image\":{\"@id\":\"https:\/\/gaspardatable.dev-wordpress.fr\/#\/schema\/logo\/image\/\"}}]}<\/script>\n<!-- \/ Yoast SEO plugin. -->","yoast_head_json":{"title":"Dahlias : Penhill Dark Monarch - Gaspardatable","description":"D\u00e9couvrez tous les charmes de cette Dahlias : Penhill Dark Monarch sur Gaspardatable - Contr\u00f4le qualit\u00e9 - Livraison 48h - D\u00e9marche eco-responsable","robots":{"index":"noindex","follow":"follow","max-snippet":"max-snippet:-1","max-image-preview":"max-image-preview:large","max-video-preview":"max-video-preview:-1"},"og_locale":"en_US","og_type":"article","og_title":"Dahlias : Penhill Dark Monarch - Gaspardatable","og_description":"D\u00e9couvrez tous les charmes de cette Dahlias : Penhill Dark Monarch sur Gaspardatable - Contr\u00f4le qualit\u00e9 - Livraison 48h - D\u00e9marche eco-responsable","og_url":"https:\/\/gaspardatable.dev-wordpress.fr\/en\/product\/penhill-dark-monarch\/","og_site_name":"Gaspardatable","article_modified_time":"2026-02-05T12:32:56+00:00","og_image":[{"width":800,"height":1200,"url":"https:\/\/gaspardatable.dev-wordpress.fr\/wp-content\/uploads\/2022\/02\/Penhill-Dark-Monarch.jpg","type":"image\/jpeg"}],"twitter_card":"summary_large_image","twitter_misc":{"Est. reading time":"1 minute"},"schema":{"@context":"https:\/\/schema.org","@graph":[{"@type":"WebPage","@id":"https:\/\/gaspardatable.dev-wordpress.fr\/produit\/penhill-dark-monarch\/","url":"https:\/\/gaspardatable.dev-wordpress.fr\/produit\/penhill-dark-monarch\/","name":"Dahlias : Penhill Dark Monarch - Gaspardatable","isPartOf":{"@id":"https:\/\/gaspardatable.dev-wordpress.fr\/#website"},"primaryImageOfPage":{"@id":"https:\/\/gaspardatable.dev-wordpress.fr\/produit\/penhill-dark-monarch\/#primaryimage"},"image":{"@id":"https:\/\/gaspardatable.dev-wordpress.fr\/produit\/penhill-dark-monarch\/#primaryimage"},"thumbnailUrl":"https:\/\/gaspardatable.dev-wordpress.fr\/wp-content\/uploads\/2022\/02\/Penhill-Dark-Monarch.jpg","datePublished":"2026-01-20T10:26:50+00:00","dateModified":"2026-02-05T12:32:56+00:00","description":"D\u00e9couvrez tous les charmes de cette Dahlias : Penhill Dark Monarch sur Gaspardatable - Contr\u00f4le qualit\u00e9 - Livraison 48h - D\u00e9marche eco-responsable","breadcrumb":{"@id":"https:\/\/gaspardatable.dev-wordpress.fr\/produit\/penhill-dark-monarch\/#breadcrumb"},"inLanguage":"en-US","potentialAction":[{"@type":"ReadAction","target":["https:\/\/gaspardatable.dev-wordpress.fr\/produit\/penhill-dark-monarch\/"]}]},{"@type":"ImageObject","inLanguage":"en-US","@id":"https:\/\/gaspardatable.dev-wordpress.fr\/produit\/penhill-dark-monarch\/#primaryimage","url":"https:\/\/gaspardatable.dev-wordpress.fr\/wp-content\/uploads\/2022\/02\/Penhill-Dark-Monarch.jpg","contentUrl":"https:\/\/gaspardatable.dev-wordpress.fr\/wp-content\/uploads\/2022\/02\/Penhill-Dark-Monarch.jpg","width":800,"height":1200},{"@type":"BreadcrumbList","@id":"https:\/\/gaspardatable.dev-wordpress.fr\/produit\/penhill-dark-monarch\/#breadcrumb","itemListElement":[{"@type":"ListItem","position":1,"name":"Accueil","item":"https:\/\/gaspardatable.dev-wordpress.fr\/"},{"@type":"ListItem","position":2,"name":"Boutique","item":"https:\/\/gaspardatable.dev-wordpress.fr\/boutique\/"},{"@type":"ListItem","position":3,"name":"Penhill Dark Monarch"}]},{"@type":"WebSite","@id":"https:\/\/gaspardatable.dev-wordpress.fr\/#website","url":"https:\/\/gaspardatable.dev-wordpress.fr\/","name":"Gaspardatable","description":"","publisher":{"@id":"https:\/\/gaspardatable.dev-wordpress.fr\/#organization"},"potentialAction":[{"@type":"SearchAction","target":{"@type":"EntryPoint","urlTemplate":"https:\/\/gaspardatable.dev-wordpress.fr\/?s={search_term_string}"},"query-input":{"@type":"PropertyValueSpecification","valueRequired":true,"valueName":"search_term_string"}}],"inLanguage":"en-US"},{"@type":"Organization","@id":"https:\/\/gaspardatable.dev-wordpress.fr\/#organization","name":"Gaspardatable","url":"https:\/\/gaspardatable.dev-wordpress.fr\/","logo":{"@type":"ImageObject","inLanguage":"en-US","@id":"https:\/\/gaspardatable.dev-wordpress.fr\/#\/schema\/logo\/image\/","url":"https:\/\/gaspardatable.dev-wordpress.fr\/wp-content\/uploads\/2022\/01\/logo-gris.svg","contentUrl":"https:\/\/gaspardatable.dev-wordpress.fr\/wp-content\/uploads\/2022\/01\/logo-gris.svg","width":79,"height":56,"caption":"Gaspardatable"},"image":{"@id":"https:\/\/gaspardatable.dev-wordpress.fr\/#\/schema\/logo\/image\/"}}]}},"tiered_pricing_type":"fixed","tiered_pricing_fixed_rules":[],"tiered_pricing_product_settings":{"layout":"default","base_unit_name":{"singular":null,"plural":null},"default_variation":null},"tiered_pricing_minimum_quantity":null,"tiered_pricing_roles_data":[],"tiered_pricing_percentage_rules":[],"tiered_pricing_maximum_quantity":null,"tiered_pricing_quantity_step":null,"_links":{"self":[{"href":"https:\/\/gaspardatable.dev-wordpress.fr\/en\/wp-json\/wp\/v2\/product\/3150","targetHints":{"allow":["GET"]}}],"collection":[{"href":"https:\/\/gaspardatable.dev-wordpress.fr\/en\/wp-json\/wp\/v2\/product"}],"about":[{"href":"https:\/\/gaspardatable.dev-wordpress.fr\/en\/wp-json\/wp\/v2\/types\/product"}],"wp:featuredmedia":[{"embeddable":true,"href":"https:\/\/gaspardatable.dev-wordpress.fr\/en\/wp-json\/wp\/v2\/media\/2932"}],"wp:attachment":[{"href":"https:\/\/gaspardatable.dev-wordpress.fr\/en\/wp-json\/wp\/v2\/media?parent=3150"}],"wp:term":[{"taxonomy":"product_brand","embeddable":true,"href":"https:\/\/gaspardatable.dev-wordpress.fr\/en\/wp-json\/wp\/v2\/product_brand?post=3150"},{"taxonomy":"product_cat","embeddable":true,"href":"https:\/\/gaspardatable.dev-wordpress.fr\/en\/wp-json\/wp\/v2\/product_cat?post=3150"},{"taxonomy":"product_tag","embeddable":true,"href":"https:\/\/gaspardatable.dev-wordpress.fr\/en\/wp-json\/wp\/v2\/product_tag?post=3150"}],"curies":[{"name":"wp","href":"https:\/\/api.w.org\/{rel}","templated":true}]}}