{"id":521,"date":"2025-09-03T15:18:48","date_gmt":"2025-09-03T14:18:48","guid":{"rendered":"https:\/\/gaspardatable.dev-wordpress.fr\/?post_type=product&#038;p=521"},"modified":"2025-12-15T12:31:47","modified_gmt":"2025-12-15T11:31:47","slug":"sunny-girl","status":"publish","type":"product","link":"https:\/\/gaspardatable.dev-wordpress.fr\/en\/product\/sunny-girl\/","title":{"rendered":"Sunny Girl"},"content":{"rendered":"<p>&lsquo;Sunny Girl&rsquo; est une pivoine \u00e0 fleurs doubles couleur jaune citron de grande taille. Les tiges ont tendance \u00e0 s&rsquo;\u00e9taler et ont besoin d\u2019\u00eatre tuteur\u00e9es lorsqu&rsquo;elles sont plant\u00e9es dans le jardin. \u2019Sunny Girl\u2019 pr\u00e9sente unbon<span class=\"Apple-converted-space\">\u00a0<\/span>potentiel en tant que fleur coup\u00e9e, \u00e9tant donn\u00e9 ses longues tiges, son bon taux de production, ses gros boutons et sa floraison pr\u00e9coce. Un \u2018Must Have\u2019 !<\/p>\n<p>&nbsp;<\/p>","protected":false},"excerpt":{"rendered":"<p>Couleur:<span class=\"Apple-converted-space\">\u00a0<\/span>Jaune citron p\u00e2le<br \/>\nParfum:<span class=\"Apple-converted-space\">\u00a0<\/span>Tr\u00e8s l\u00e9g\u00e9r<br \/>\nFloraison: Tr\u00e8s h\u00e2tive<br \/>\nHauteur plante: 90 cm<\/p>\n<p>EXCLUSIVIT\u00c9 GASPARDATABLE<\/p>\n<p>Expedi\u00e9e en racine nues \u00e0 partir de mi-octobre. Si cette commande est cumul\u00e9e avec une commande de tulipes et\/ou de narcisses, tout sera exp\u00e9di\u00e9 avec la commande de pivoines, sauf si mentionn\u00e9e diff\u00e9remment par mail.<\/p>","protected":false},"featured_media":569,"template":"","meta":{"_acf_changed":false},"product_brand":[],"product_cat":[24,278],"product_tag":[],"class_list":{"0":"post-521","1":"product","2":"type-product","3":"status-publish","4":"has-post-thumbnail","6":"product_cat-pivoines","7":"product_cat-toutes-nos-plantes","9":"first","10":"outofstock","11":"taxable","12":"shipping-taxable","13":"purchasable","14":"product-type-simple"},"acf":[],"yoast_head":"<!-- This site is optimized with the Yoast SEO plugin v26.8 - https:\/\/yoast.com\/product\/yoast-seo-wordpress\/ -->\n<title>: Sunny Girl - Gaspardatable<\/title>\n<meta name=\"description\" content=\"&#039;Sunny Girl&#039; est une pivoine \u00e0 fleurs doubles couleur jaune citron de grande taille au bon\u00a0potentiel en tant que fleur coup\u00e9e. Un \u2018Must Have\u2019 !\" \/>\n<meta name=\"robots\" content=\"noindex, follow, max-snippet:-1, max-image-preview:large, max-video-preview:-1\" \/>\n<meta property=\"og:locale\" content=\"en_US\" \/>\n<meta property=\"og:type\" content=\"article\" \/>\n<meta property=\"og:title\" content=\": Sunny Girl - Gaspardatable\" \/>\n<meta property=\"og:description\" content=\"&#039;Sunny Girl&#039; est une pivoine \u00e0 fleurs doubles couleur jaune citron de grande taille au bon\u00a0potentiel en tant que fleur coup\u00e9e. Un \u2018Must Have\u2019 !\" \/>\n<meta property=\"og:url\" content=\"https:\/\/gaspardatable.dev-wordpress.fr\/en\/product\/sunny-girl\/\" \/>\n<meta property=\"og:site_name\" content=\"Gaspardatable\" \/>\n<meta property=\"article:modified_time\" content=\"2025-12-15T11:31:47+00:00\" \/>\n<meta property=\"og:image\" content=\"https:\/\/gaspardatable.dev-wordpress.fr\/wp-content\/uploads\/2022\/01\/Sunny-Girl-1.jpg\" \/>\n\t<meta property=\"og:image:width\" content=\"1254\" \/>\n\t<meta property=\"og:image:height\" content=\"1254\" \/>\n\t<meta property=\"og:image:type\" content=\"image\/jpeg\" \/>\n<meta name=\"twitter:card\" content=\"summary_large_image\" \/>\n<script type=\"application\/ld+json\" class=\"yoast-schema-graph\">{\"@context\":\"https:\/\/schema.org\",\"@graph\":[{\"@type\":\"WebPage\",\"@id\":\"https:\/\/gaspardatable.dev-wordpress.fr\/produit\/sunny-girl\/\",\"url\":\"https:\/\/gaspardatable.dev-wordpress.fr\/produit\/sunny-girl\/\",\"name\":\": Sunny Girl - Gaspardatable\",\"isPartOf\":{\"@id\":\"https:\/\/gaspardatable.dev-wordpress.fr\/#website\"},\"primaryImageOfPage\":{\"@id\":\"https:\/\/gaspardatable.dev-wordpress.fr\/produit\/sunny-girl\/#primaryimage\"},\"image\":{\"@id\":\"https:\/\/gaspardatable.dev-wordpress.fr\/produit\/sunny-girl\/#primaryimage\"},\"thumbnailUrl\":\"https:\/\/gaspardatable.dev-wordpress.fr\/wp-content\/uploads\/2022\/01\/Sunny-Girl-1.jpg\",\"datePublished\":\"2025-09-03T14:18:48+00:00\",\"dateModified\":\"2025-12-15T11:31:47+00:00\",\"description\":\"'Sunny Girl' est une pivoine \u00e0 fleurs doubles couleur jaune citron de grande taille au bon\u00a0potentiel en tant que fleur coup\u00e9e. Un \u2018Must Have\u2019 !\",\"breadcrumb\":{\"@id\":\"https:\/\/gaspardatable.dev-wordpress.fr\/produit\/sunny-girl\/#breadcrumb\"},\"inLanguage\":\"en-US\",\"potentialAction\":[{\"@type\":\"ReadAction\",\"target\":[\"https:\/\/gaspardatable.dev-wordpress.fr\/produit\/sunny-girl\/\"]}]},{\"@type\":\"ImageObject\",\"inLanguage\":\"en-US\",\"@id\":\"https:\/\/gaspardatable.dev-wordpress.fr\/produit\/sunny-girl\/#primaryimage\",\"url\":\"https:\/\/gaspardatable.dev-wordpress.fr\/wp-content\/uploads\/2022\/01\/Sunny-Girl-1.jpg\",\"contentUrl\":\"https:\/\/gaspardatable.dev-wordpress.fr\/wp-content\/uploads\/2022\/01\/Sunny-Girl-1.jpg\",\"width\":1254,\"height\":1254},{\"@type\":\"BreadcrumbList\",\"@id\":\"https:\/\/gaspardatable.dev-wordpress.fr\/produit\/sunny-girl\/#breadcrumb\",\"itemListElement\":[{\"@type\":\"ListItem\",\"position\":1,\"name\":\"Accueil\",\"item\":\"https:\/\/gaspardatable.dev-wordpress.fr\/\"},{\"@type\":\"ListItem\",\"position\":2,\"name\":\"Boutique\",\"item\":\"https:\/\/gaspardatable.dev-wordpress.fr\/boutique\/\"},{\"@type\":\"ListItem\",\"position\":3,\"name\":\"Sunny Girl\"}]},{\"@type\":\"WebSite\",\"@id\":\"https:\/\/gaspardatable.dev-wordpress.fr\/#website\",\"url\":\"https:\/\/gaspardatable.dev-wordpress.fr\/\",\"name\":\"Gaspardatable\",\"description\":\"\",\"publisher\":{\"@id\":\"https:\/\/gaspardatable.dev-wordpress.fr\/#organization\"},\"potentialAction\":[{\"@type\":\"SearchAction\",\"target\":{\"@type\":\"EntryPoint\",\"urlTemplate\":\"https:\/\/gaspardatable.dev-wordpress.fr\/?s={search_term_string}\"},\"query-input\":{\"@type\":\"PropertyValueSpecification\",\"valueRequired\":true,\"valueName\":\"search_term_string\"}}],\"inLanguage\":\"en-US\"},{\"@type\":\"Organization\",\"@id\":\"https:\/\/gaspardatable.dev-wordpress.fr\/#organization\",\"name\":\"Gaspardatable\",\"url\":\"https:\/\/gaspardatable.dev-wordpress.fr\/\",\"logo\":{\"@type\":\"ImageObject\",\"inLanguage\":\"en-US\",\"@id\":\"https:\/\/gaspardatable.dev-wordpress.fr\/#\/schema\/logo\/image\/\",\"url\":\"https:\/\/gaspardatable.dev-wordpress.fr\/wp-content\/uploads\/2022\/01\/logo-gris.svg\",\"contentUrl\":\"https:\/\/gaspardatable.dev-wordpress.fr\/wp-content\/uploads\/2022\/01\/logo-gris.svg\",\"width\":79,\"height\":56,\"caption\":\"Gaspardatable\"},\"image\":{\"@id\":\"https:\/\/gaspardatable.dev-wordpress.fr\/#\/schema\/logo\/image\/\"}}]}<\/script>\n<!-- \/ Yoast SEO plugin. -->","yoast_head_json":{"title":": Sunny Girl - Gaspardatable","description":"'Sunny Girl' est une pivoine \u00e0 fleurs doubles couleur jaune citron de grande taille au bon\u00a0potentiel en tant que fleur coup\u00e9e. Un \u2018Must Have\u2019 !","robots":{"index":"noindex","follow":"follow","max-snippet":"max-snippet:-1","max-image-preview":"max-image-preview:large","max-video-preview":"max-video-preview:-1"},"og_locale":"en_US","og_type":"article","og_title":": Sunny Girl - Gaspardatable","og_description":"'Sunny Girl' est une pivoine \u00e0 fleurs doubles couleur jaune citron de grande taille au bon\u00a0potentiel en tant que fleur coup\u00e9e. Un \u2018Must Have\u2019 !","og_url":"https:\/\/gaspardatable.dev-wordpress.fr\/en\/product\/sunny-girl\/","og_site_name":"Gaspardatable","article_modified_time":"2025-12-15T11:31:47+00:00","og_image":[{"width":1254,"height":1254,"url":"https:\/\/gaspardatable.dev-wordpress.fr\/wp-content\/uploads\/2022\/01\/Sunny-Girl-1.jpg","type":"image\/jpeg"}],"twitter_card":"summary_large_image","schema":{"@context":"https:\/\/schema.org","@graph":[{"@type":"WebPage","@id":"https:\/\/gaspardatable.dev-wordpress.fr\/produit\/sunny-girl\/","url":"https:\/\/gaspardatable.dev-wordpress.fr\/produit\/sunny-girl\/","name":": Sunny Girl - Gaspardatable","isPartOf":{"@id":"https:\/\/gaspardatable.dev-wordpress.fr\/#website"},"primaryImageOfPage":{"@id":"https:\/\/gaspardatable.dev-wordpress.fr\/produit\/sunny-girl\/#primaryimage"},"image":{"@id":"https:\/\/gaspardatable.dev-wordpress.fr\/produit\/sunny-girl\/#primaryimage"},"thumbnailUrl":"https:\/\/gaspardatable.dev-wordpress.fr\/wp-content\/uploads\/2022\/01\/Sunny-Girl-1.jpg","datePublished":"2025-09-03T14:18:48+00:00","dateModified":"2025-12-15T11:31:47+00:00","description":"'Sunny Girl' est une pivoine \u00e0 fleurs doubles couleur jaune citron de grande taille au bon\u00a0potentiel en tant que fleur coup\u00e9e. Un \u2018Must Have\u2019 !","breadcrumb":{"@id":"https:\/\/gaspardatable.dev-wordpress.fr\/produit\/sunny-girl\/#breadcrumb"},"inLanguage":"en-US","potentialAction":[{"@type":"ReadAction","target":["https:\/\/gaspardatable.dev-wordpress.fr\/produit\/sunny-girl\/"]}]},{"@type":"ImageObject","inLanguage":"en-US","@id":"https:\/\/gaspardatable.dev-wordpress.fr\/produit\/sunny-girl\/#primaryimage","url":"https:\/\/gaspardatable.dev-wordpress.fr\/wp-content\/uploads\/2022\/01\/Sunny-Girl-1.jpg","contentUrl":"https:\/\/gaspardatable.dev-wordpress.fr\/wp-content\/uploads\/2022\/01\/Sunny-Girl-1.jpg","width":1254,"height":1254},{"@type":"BreadcrumbList","@id":"https:\/\/gaspardatable.dev-wordpress.fr\/produit\/sunny-girl\/#breadcrumb","itemListElement":[{"@type":"ListItem","position":1,"name":"Accueil","item":"https:\/\/gaspardatable.dev-wordpress.fr\/"},{"@type":"ListItem","position":2,"name":"Boutique","item":"https:\/\/gaspardatable.dev-wordpress.fr\/boutique\/"},{"@type":"ListItem","position":3,"name":"Sunny Girl"}]},{"@type":"WebSite","@id":"https:\/\/gaspardatable.dev-wordpress.fr\/#website","url":"https:\/\/gaspardatable.dev-wordpress.fr\/","name":"Gaspardatable","description":"","publisher":{"@id":"https:\/\/gaspardatable.dev-wordpress.fr\/#organization"},"potentialAction":[{"@type":"SearchAction","target":{"@type":"EntryPoint","urlTemplate":"https:\/\/gaspardatable.dev-wordpress.fr\/?s={search_term_string}"},"query-input":{"@type":"PropertyValueSpecification","valueRequired":true,"valueName":"search_term_string"}}],"inLanguage":"en-US"},{"@type":"Organization","@id":"https:\/\/gaspardatable.dev-wordpress.fr\/#organization","name":"Gaspardatable","url":"https:\/\/gaspardatable.dev-wordpress.fr\/","logo":{"@type":"ImageObject","inLanguage":"en-US","@id":"https:\/\/gaspardatable.dev-wordpress.fr\/#\/schema\/logo\/image\/","url":"https:\/\/gaspardatable.dev-wordpress.fr\/wp-content\/uploads\/2022\/01\/logo-gris.svg","contentUrl":"https:\/\/gaspardatable.dev-wordpress.fr\/wp-content\/uploads\/2022\/01\/logo-gris.svg","width":79,"height":56,"caption":"Gaspardatable"},"image":{"@id":"https:\/\/gaspardatable.dev-wordpress.fr\/#\/schema\/logo\/image\/"}}]}},"tiered_pricing_type":"fixed","tiered_pricing_fixed_rules":[],"tiered_pricing_product_settings":{"layout":"default","base_unit_name":{"singular":null,"plural":null},"default_variation":null},"tiered_pricing_minimum_quantity":null,"tiered_pricing_roles_data":[],"tiered_pricing_percentage_rules":[],"tiered_pricing_maximum_quantity":null,"tiered_pricing_quantity_step":null,"_links":{"self":[{"href":"https:\/\/gaspardatable.dev-wordpress.fr\/en\/wp-json\/wp\/v2\/product\/521","targetHints":{"allow":["GET"]}}],"collection":[{"href":"https:\/\/gaspardatable.dev-wordpress.fr\/en\/wp-json\/wp\/v2\/product"}],"about":[{"href":"https:\/\/gaspardatable.dev-wordpress.fr\/en\/wp-json\/wp\/v2\/types\/product"}],"wp:featuredmedia":[{"embeddable":true,"href":"https:\/\/gaspardatable.dev-wordpress.fr\/en\/wp-json\/wp\/v2\/media\/569"}],"wp:attachment":[{"href":"https:\/\/gaspardatable.dev-wordpress.fr\/en\/wp-json\/wp\/v2\/media?parent=521"}],"wp:term":[{"taxonomy":"product_brand","embeddable":true,"href":"https:\/\/gaspardatable.dev-wordpress.fr\/en\/wp-json\/wp\/v2\/product_brand?post=521"},{"taxonomy":"product_cat","embeddable":true,"href":"https:\/\/gaspardatable.dev-wordpress.fr\/en\/wp-json\/wp\/v2\/product_cat?post=521"},{"taxonomy":"product_tag","embeddable":true,"href":"https:\/\/gaspardatable.dev-wordpress.fr\/en\/wp-json\/wp\/v2\/product_tag?post=521"}],"curies":[{"name":"wp","href":"https:\/\/api.w.org\/{rel}","templated":true}]}}