{"id":8279887,"date":"2025-09-05T17:50:44","date_gmt":"2025-09-05T16:50:44","guid":{"rendered":"https:\/\/gaspardatable.dev-wordpress.fr\/?post_type=product&#038;p=8279887"},"modified":"2025-10-08T07:48:01","modified_gmt":"2025-10-08T06:48:01","slug":"hyacinthus-orientalis-purple-sensation","status":"publish","type":"product","link":"https:\/\/gaspardatable.dev-wordpress.fr\/en\/product\/hyacinthus-orientalis-purple-sensation\/","title":{"rendered":"Hycinthus &lsquo;Purple Sensation&rsquo;"},"content":{"rendered":"<p>Purple Sensation est une jacinthe de couleur violet lilac et d&rsquo;un parfum exceptionnel. Cette sublime fleur ne pourra pas manquer dans votre jardin ou terrasse. Les jacinthes peuvent \u00eatre plant\u00e9s <a href=\"https:\/\/gaspardatable.dev-wordpress.fr\/en\/guides-plantations\/comment-planter-des-tulipes\/\">en lasagnes avec des tulipes<\/a>, des jonquilles et des crocus pour un effet \u00e9poustouflant au printemps.<\/p>\n<p>&nbsp;<\/p>","protected":false},"excerpt":{"rendered":"<p>Purple Sensation est une jacinthe de couleur violet lilac et d&rsquo;un parfum exceptionnel. Cette sublime fleur ne pourra pas manquer dans votre jardin ou terrasse. Les jacinthes peuvent \u00eatre plant\u00e9s en lasagnes avec des tulipes, des jonquilles et des crocus pour un effet \u00e9poustouflant au printemps. &nbsp;<\/p>","protected":false},"featured_media":8279915,"template":"","meta":{"_acf_changed":false},"product_brand":[],"product_cat":[277,276,278],"product_tag":[],"class_list":{"0":"post-8279887","1":"product","2":"type-product","3":"status-publish","4":"has-post-thumbnail","6":"product_cat-jacinthe","7":"product_cat-les-autres-bulbes","8":"product_cat-toutes-nos-plantes","10":"first","11":"outofstock","12":"featured","13":"taxable","14":"shipping-taxable","15":"purchasable","16":"product-type-simple"},"acf":[],"yoast_head":"<!-- This site is optimized with the Yoast SEO plugin v26.8 - https:\/\/yoast.com\/product\/yoast-seo-wordpress\/ -->\n<title>Jacinthes : Hycinthus &#039;Purple Sensation&#039; - Gaspardatable<\/title>\n<meta name=\"description\" content=\"D\u00e9couvrez tous les charmes de cette Jacinthes : Hycinthus &#039;Purple Sensation&#039; sur Gaspardatable - Contr\u00f4le qualit\u00e9 - Livraison 48h - D\u00e9marche eco-responsable\" \/>\n<meta name=\"robots\" content=\"noindex, follow, max-snippet:-1, max-image-preview:large, max-video-preview:-1\" \/>\n<meta property=\"og:locale\" content=\"en_US\" \/>\n<meta property=\"og:type\" content=\"article\" \/>\n<meta property=\"og:title\" content=\"Jacinthes : Hycinthus &#039;Purple Sensation&#039; - Gaspardatable\" \/>\n<meta property=\"og:description\" content=\"D\u00e9couvrez tous les charmes de cette Jacinthes : Hycinthus &#039;Purple Sensation&#039; sur Gaspardatable - Contr\u00f4le qualit\u00e9 - Livraison 48h - D\u00e9marche eco-responsable\" \/>\n<meta property=\"og:url\" content=\"https:\/\/gaspardatable.dev-wordpress.fr\/en\/product\/hyacinthus-orientalis-purple-sensation\/\" \/>\n<meta property=\"og:site_name\" content=\"Gaspardatable\" \/>\n<meta property=\"article:modified_time\" content=\"2025-10-08T06:48:01+00:00\" \/>\n<meta property=\"og:image\" content=\"https:\/\/gaspardatable.dev-wordpress.fr\/wp-content\/uploads\/2023\/08\/Purple-sensation-scaled.jpg\" \/>\n\t<meta property=\"og:image:width\" content=\"1707\" \/>\n\t<meta property=\"og:image:height\" content=\"2560\" \/>\n\t<meta property=\"og:image:type\" content=\"image\/jpeg\" \/>\n<meta name=\"twitter:card\" content=\"summary_large_image\" \/>\n<meta name=\"twitter:label1\" content=\"Est. reading time\" \/>\n\t<meta name=\"twitter:data1\" content=\"1 minute\" \/>\n<script type=\"application\/ld+json\" class=\"yoast-schema-graph\">{\"@context\":\"https:\/\/schema.org\",\"@graph\":[{\"@type\":\"WebPage\",\"@id\":\"https:\/\/gaspardatable.dev-wordpress.fr\/produit\/hyacinthus-orientalis-purple-sensation\/\",\"url\":\"https:\/\/gaspardatable.dev-wordpress.fr\/produit\/hyacinthus-orientalis-purple-sensation\/\",\"name\":\"Jacinthes : Hycinthus 'Purple Sensation' - Gaspardatable\",\"isPartOf\":{\"@id\":\"https:\/\/gaspardatable.dev-wordpress.fr\/#website\"},\"primaryImageOfPage\":{\"@id\":\"https:\/\/gaspardatable.dev-wordpress.fr\/produit\/hyacinthus-orientalis-purple-sensation\/#primaryimage\"},\"image\":{\"@id\":\"https:\/\/gaspardatable.dev-wordpress.fr\/produit\/hyacinthus-orientalis-purple-sensation\/#primaryimage\"},\"thumbnailUrl\":\"https:\/\/gaspardatable.dev-wordpress.fr\/wp-content\/uploads\/2023\/08\/Purple-sensation-scaled.jpg\",\"datePublished\":\"2025-09-05T16:50:44+00:00\",\"dateModified\":\"2025-10-08T06:48:01+00:00\",\"description\":\"D\u00e9couvrez tous les charmes de cette Jacinthes : Hycinthus 'Purple Sensation' sur Gaspardatable - Contr\u00f4le qualit\u00e9 - Livraison 48h - D\u00e9marche eco-responsable\",\"breadcrumb\":{\"@id\":\"https:\/\/gaspardatable.dev-wordpress.fr\/produit\/hyacinthus-orientalis-purple-sensation\/#breadcrumb\"},\"inLanguage\":\"en-US\",\"potentialAction\":[{\"@type\":\"ReadAction\",\"target\":[\"https:\/\/gaspardatable.dev-wordpress.fr\/produit\/hyacinthus-orientalis-purple-sensation\/\"]}]},{\"@type\":\"ImageObject\",\"inLanguage\":\"en-US\",\"@id\":\"https:\/\/gaspardatable.dev-wordpress.fr\/produit\/hyacinthus-orientalis-purple-sensation\/#primaryimage\",\"url\":\"https:\/\/gaspardatable.dev-wordpress.fr\/wp-content\/uploads\/2023\/08\/Purple-sensation-scaled.jpg\",\"contentUrl\":\"https:\/\/gaspardatable.dev-wordpress.fr\/wp-content\/uploads\/2023\/08\/Purple-sensation-scaled.jpg\",\"width\":1707,\"height\":2560},{\"@type\":\"BreadcrumbList\",\"@id\":\"https:\/\/gaspardatable.dev-wordpress.fr\/produit\/hyacinthus-orientalis-purple-sensation\/#breadcrumb\",\"itemListElement\":[{\"@type\":\"ListItem\",\"position\":1,\"name\":\"Accueil\",\"item\":\"https:\/\/gaspardatable.dev-wordpress.fr\/\"},{\"@type\":\"ListItem\",\"position\":2,\"name\":\"Boutique\",\"item\":\"https:\/\/gaspardatable.dev-wordpress.fr\/boutique\/\"},{\"@type\":\"ListItem\",\"position\":3,\"name\":\"Hycinthus &#8216;Purple Sensation&#8217;\"}]},{\"@type\":\"WebSite\",\"@id\":\"https:\/\/gaspardatable.dev-wordpress.fr\/#website\",\"url\":\"https:\/\/gaspardatable.dev-wordpress.fr\/\",\"name\":\"Gaspardatable\",\"description\":\"\",\"publisher\":{\"@id\":\"https:\/\/gaspardatable.dev-wordpress.fr\/#organization\"},\"potentialAction\":[{\"@type\":\"SearchAction\",\"target\":{\"@type\":\"EntryPoint\",\"urlTemplate\":\"https:\/\/gaspardatable.dev-wordpress.fr\/?s={search_term_string}\"},\"query-input\":{\"@type\":\"PropertyValueSpecification\",\"valueRequired\":true,\"valueName\":\"search_term_string\"}}],\"inLanguage\":\"en-US\"},{\"@type\":\"Organization\",\"@id\":\"https:\/\/gaspardatable.dev-wordpress.fr\/#organization\",\"name\":\"Gaspardatable\",\"url\":\"https:\/\/gaspardatable.dev-wordpress.fr\/\",\"logo\":{\"@type\":\"ImageObject\",\"inLanguage\":\"en-US\",\"@id\":\"https:\/\/gaspardatable.dev-wordpress.fr\/#\/schema\/logo\/image\/\",\"url\":\"https:\/\/gaspardatable.dev-wordpress.fr\/wp-content\/uploads\/2022\/01\/logo-gris.svg\",\"contentUrl\":\"https:\/\/gaspardatable.dev-wordpress.fr\/wp-content\/uploads\/2022\/01\/logo-gris.svg\",\"width\":79,\"height\":56,\"caption\":\"Gaspardatable\"},\"image\":{\"@id\":\"https:\/\/gaspardatable.dev-wordpress.fr\/#\/schema\/logo\/image\/\"}}]}<\/script>\n<!-- \/ Yoast SEO plugin. -->","yoast_head_json":{"title":"Jacinthes : Hycinthus 'Purple Sensation' - Gaspardatable","description":"D\u00e9couvrez tous les charmes de cette Jacinthes : Hycinthus 'Purple Sensation' sur Gaspardatable - Contr\u00f4le qualit\u00e9 - Livraison 48h - D\u00e9marche eco-responsable","robots":{"index":"noindex","follow":"follow","max-snippet":"max-snippet:-1","max-image-preview":"max-image-preview:large","max-video-preview":"max-video-preview:-1"},"og_locale":"en_US","og_type":"article","og_title":"Jacinthes : Hycinthus 'Purple Sensation' - Gaspardatable","og_description":"D\u00e9couvrez tous les charmes de cette Jacinthes : Hycinthus 'Purple Sensation' sur Gaspardatable - Contr\u00f4le qualit\u00e9 - Livraison 48h - D\u00e9marche eco-responsable","og_url":"https:\/\/gaspardatable.dev-wordpress.fr\/en\/product\/hyacinthus-orientalis-purple-sensation\/","og_site_name":"Gaspardatable","article_modified_time":"2025-10-08T06:48:01+00:00","og_image":[{"width":1707,"height":2560,"url":"https:\/\/gaspardatable.dev-wordpress.fr\/wp-content\/uploads\/2023\/08\/Purple-sensation-scaled.jpg","type":"image\/jpeg"}],"twitter_card":"summary_large_image","twitter_misc":{"Est. reading time":"1 minute"},"schema":{"@context":"https:\/\/schema.org","@graph":[{"@type":"WebPage","@id":"https:\/\/gaspardatable.dev-wordpress.fr\/produit\/hyacinthus-orientalis-purple-sensation\/","url":"https:\/\/gaspardatable.dev-wordpress.fr\/produit\/hyacinthus-orientalis-purple-sensation\/","name":"Jacinthes : Hycinthus 'Purple Sensation' - Gaspardatable","isPartOf":{"@id":"https:\/\/gaspardatable.dev-wordpress.fr\/#website"},"primaryImageOfPage":{"@id":"https:\/\/gaspardatable.dev-wordpress.fr\/produit\/hyacinthus-orientalis-purple-sensation\/#primaryimage"},"image":{"@id":"https:\/\/gaspardatable.dev-wordpress.fr\/produit\/hyacinthus-orientalis-purple-sensation\/#primaryimage"},"thumbnailUrl":"https:\/\/gaspardatable.dev-wordpress.fr\/wp-content\/uploads\/2023\/08\/Purple-sensation-scaled.jpg","datePublished":"2025-09-05T16:50:44+00:00","dateModified":"2025-10-08T06:48:01+00:00","description":"D\u00e9couvrez tous les charmes de cette Jacinthes : Hycinthus 'Purple Sensation' sur Gaspardatable - Contr\u00f4le qualit\u00e9 - Livraison 48h - D\u00e9marche eco-responsable","breadcrumb":{"@id":"https:\/\/gaspardatable.dev-wordpress.fr\/produit\/hyacinthus-orientalis-purple-sensation\/#breadcrumb"},"inLanguage":"en-US","potentialAction":[{"@type":"ReadAction","target":["https:\/\/gaspardatable.dev-wordpress.fr\/produit\/hyacinthus-orientalis-purple-sensation\/"]}]},{"@type":"ImageObject","inLanguage":"en-US","@id":"https:\/\/gaspardatable.dev-wordpress.fr\/produit\/hyacinthus-orientalis-purple-sensation\/#primaryimage","url":"https:\/\/gaspardatable.dev-wordpress.fr\/wp-content\/uploads\/2023\/08\/Purple-sensation-scaled.jpg","contentUrl":"https:\/\/gaspardatable.dev-wordpress.fr\/wp-content\/uploads\/2023\/08\/Purple-sensation-scaled.jpg","width":1707,"height":2560},{"@type":"BreadcrumbList","@id":"https:\/\/gaspardatable.dev-wordpress.fr\/produit\/hyacinthus-orientalis-purple-sensation\/#breadcrumb","itemListElement":[{"@type":"ListItem","position":1,"name":"Accueil","item":"https:\/\/gaspardatable.dev-wordpress.fr\/"},{"@type":"ListItem","position":2,"name":"Boutique","item":"https:\/\/gaspardatable.dev-wordpress.fr\/boutique\/"},{"@type":"ListItem","position":3,"name":"Hycinthus &#8216;Purple Sensation&#8217;"}]},{"@type":"WebSite","@id":"https:\/\/gaspardatable.dev-wordpress.fr\/#website","url":"https:\/\/gaspardatable.dev-wordpress.fr\/","name":"Gaspardatable","description":"","publisher":{"@id":"https:\/\/gaspardatable.dev-wordpress.fr\/#organization"},"potentialAction":[{"@type":"SearchAction","target":{"@type":"EntryPoint","urlTemplate":"https:\/\/gaspardatable.dev-wordpress.fr\/?s={search_term_string}"},"query-input":{"@type":"PropertyValueSpecification","valueRequired":true,"valueName":"search_term_string"}}],"inLanguage":"en-US"},{"@type":"Organization","@id":"https:\/\/gaspardatable.dev-wordpress.fr\/#organization","name":"Gaspardatable","url":"https:\/\/gaspardatable.dev-wordpress.fr\/","logo":{"@type":"ImageObject","inLanguage":"en-US","@id":"https:\/\/gaspardatable.dev-wordpress.fr\/#\/schema\/logo\/image\/","url":"https:\/\/gaspardatable.dev-wordpress.fr\/wp-content\/uploads\/2022\/01\/logo-gris.svg","contentUrl":"https:\/\/gaspardatable.dev-wordpress.fr\/wp-content\/uploads\/2022\/01\/logo-gris.svg","width":79,"height":56,"caption":"Gaspardatable"},"image":{"@id":"https:\/\/gaspardatable.dev-wordpress.fr\/#\/schema\/logo\/image\/"}}]}},"tiered_pricing_type":"fixed","tiered_pricing_fixed_rules":[],"tiered_pricing_product_settings":{"layout":"default","base_unit_name":{"singular":null,"plural":null},"default_variation":null},"tiered_pricing_minimum_quantity":null,"tiered_pricing_roles_data":[],"tiered_pricing_percentage_rules":[],"tiered_pricing_maximum_quantity":null,"tiered_pricing_quantity_step":null,"_links":{"self":[{"href":"https:\/\/gaspardatable.dev-wordpress.fr\/en\/wp-json\/wp\/v2\/product\/8279887","targetHints":{"allow":["GET"]}}],"collection":[{"href":"https:\/\/gaspardatable.dev-wordpress.fr\/en\/wp-json\/wp\/v2\/product"}],"about":[{"href":"https:\/\/gaspardatable.dev-wordpress.fr\/en\/wp-json\/wp\/v2\/types\/product"}],"wp:featuredmedia":[{"embeddable":true,"href":"https:\/\/gaspardatable.dev-wordpress.fr\/en\/wp-json\/wp\/v2\/media\/8279915"}],"wp:attachment":[{"href":"https:\/\/gaspardatable.dev-wordpress.fr\/en\/wp-json\/wp\/v2\/media?parent=8279887"}],"wp:term":[{"taxonomy":"product_brand","embeddable":true,"href":"https:\/\/gaspardatable.dev-wordpress.fr\/en\/wp-json\/wp\/v2\/product_brand?post=8279887"},{"taxonomy":"product_cat","embeddable":true,"href":"https:\/\/gaspardatable.dev-wordpress.fr\/en\/wp-json\/wp\/v2\/product_cat?post=8279887"},{"taxonomy":"product_tag","embeddable":true,"href":"https:\/\/gaspardatable.dev-wordpress.fr\/en\/wp-json\/wp\/v2\/product_tag?post=8279887"}],"curies":[{"name":"wp","href":"https:\/\/api.w.org\/{rel}","templated":true}]}}