{"id":8426123,"date":"2025-09-03T15:18:43","date_gmt":"2025-09-03T14:18:43","guid":{"rendered":"https:\/\/gaspardatable.dev-wordpress.fr\/?post_type=product&#038;p=8426123"},"modified":"2025-12-15T12:31:49","modified_gmt":"2025-12-15T11:31:49","slug":"buckeye-belle","status":"publish","type":"product","link":"https:\/\/gaspardatable.dev-wordpress.fr\/en\/product\/buckeye-belle\/","title":{"rendered":"Dixie"},"content":{"rendered":"<p>Dixie est une nouveaut\u00e9. Elle a des fleurs doubles fuchsia et des hautes tiges dress\u00e9es avec un feuillage vert assez fonc\u00e9. Floraison tardive. Une tr\u00e8s bonne pivoine \u00e0 l&rsquo;aspect tr\u00e8s frappant par sa couleur, sa p\u00e9riode de floraison et sa hauteur.<\/p>\n<p>&nbsp;<\/p>\n<p>&nbsp;<\/p>","protected":false},"excerpt":{"rendered":"<p>Couleur: Rose<br \/>\n<span style=\"font-size: 16px;\">Parfum: Sucr\u00e9 prononc\u00e9<\/span><br \/>\nP\u00e9riode de floraison: Mi-saison\/tardive<br \/>\nHauteur plante: 90 cm<\/p>\n<p>Expedi\u00e9e en racine nues \u00e0 partir de mi-octobre. Si cette commande est cumul\u00e9e avec une commande de tulipes et\/ou de narcisses, tout sera exp\u00e9di\u00e9 avec la commande de pivoines, sauf si mentionn\u00e9e diff\u00e9remment par mail.<\/p>","protected":false},"featured_media":8426163,"template":"","meta":{"_acf_changed":false},"product_brand":[],"product_cat":[24,278],"product_tag":[],"class_list":{"0":"post-8426123","1":"product","2":"type-product","3":"status-publish","4":"has-post-thumbnail","6":"product_cat-pivoines","7":"product_cat-toutes-nos-plantes","9":"first","10":"outofstock","11":"taxable","12":"shipping-taxable","13":"purchasable","14":"product-type-simple"},"acf":[],"yoast_head":"<!-- This site is optimized with the Yoast SEO plugin v26.8 - https:\/\/yoast.com\/product\/yoast-seo-wordpress\/ -->\n<title>Pivoines : Dixie - Gaspardatable<\/title>\n<meta name=\"description\" content=\"&#039;Angel Cheeks&#039; est une pivoine \u00e0 tr\u00e8s grandes fleurs rose pastel en forme de balle avec des p\u00e9tales blancs dress\u00e9s au centre et tr\u00e8s parfum\u00e9e.\" \/>\n<meta name=\"robots\" content=\"noindex, follow, max-snippet:-1, max-image-preview:large, max-video-preview:-1\" \/>\n<meta property=\"og:locale\" content=\"en_US\" \/>\n<meta property=\"og:type\" content=\"article\" \/>\n<meta property=\"og:title\" content=\"Pivoines : Dixie - Gaspardatable\" \/>\n<meta property=\"og:description\" content=\"&#039;Angel Cheeks&#039; est une pivoine \u00e0 tr\u00e8s grandes fleurs rose pastel en forme de balle avec des p\u00e9tales blancs dress\u00e9s au centre et tr\u00e8s parfum\u00e9e.\" \/>\n<meta property=\"og:url\" content=\"https:\/\/gaspardatable.dev-wordpress.fr\/en\/product\/buckeye-belle\/\" \/>\n<meta property=\"og:site_name\" content=\"Gaspardatable\" \/>\n<meta property=\"article:modified_time\" content=\"2025-12-15T11:31:49+00:00\" \/>\n<meta property=\"og:image\" content=\"https:\/\/gaspardatable.dev-wordpress.fr\/wp-content\/uploads\/2023\/09\/a2c01f4b30a2b7036bc673e070b41828.jpeg\" \/>\n\t<meta property=\"og:image:width\" content=\"800\" \/>\n\t<meta property=\"og:image:height\" content=\"800\" \/>\n\t<meta property=\"og:image:type\" content=\"image\/jpeg\" \/>\n<meta name=\"twitter:card\" content=\"summary_large_image\" \/>\n<meta name=\"twitter:label1\" content=\"Est. reading time\" \/>\n\t<meta name=\"twitter:data1\" content=\"1 minute\" \/>\n<script type=\"application\/ld+json\" class=\"yoast-schema-graph\">{\"@context\":\"https:\/\/schema.org\",\"@graph\":[{\"@type\":\"WebPage\",\"@id\":\"https:\/\/gaspardatable.dev-wordpress.fr\/produit\/buckeye-belle\/\",\"url\":\"https:\/\/gaspardatable.dev-wordpress.fr\/produit\/buckeye-belle\/\",\"name\":\"Pivoines : Dixie - Gaspardatable\",\"isPartOf\":{\"@id\":\"https:\/\/gaspardatable.dev-wordpress.fr\/#website\"},\"primaryImageOfPage\":{\"@id\":\"https:\/\/gaspardatable.dev-wordpress.fr\/produit\/buckeye-belle\/#primaryimage\"},\"image\":{\"@id\":\"https:\/\/gaspardatable.dev-wordpress.fr\/produit\/buckeye-belle\/#primaryimage\"},\"thumbnailUrl\":\"https:\/\/gaspardatable.dev-wordpress.fr\/wp-content\/uploads\/2023\/09\/a2c01f4b30a2b7036bc673e070b41828.jpeg\",\"datePublished\":\"2025-09-03T14:18:43+00:00\",\"dateModified\":\"2025-12-15T11:31:49+00:00\",\"description\":\"'Angel Cheeks' est une pivoine \u00e0 tr\u00e8s grandes fleurs rose pastel en forme de balle avec des p\u00e9tales blancs dress\u00e9s au centre et tr\u00e8s parfum\u00e9e.\",\"breadcrumb\":{\"@id\":\"https:\/\/gaspardatable.dev-wordpress.fr\/produit\/buckeye-belle\/#breadcrumb\"},\"inLanguage\":\"en-US\",\"potentialAction\":[{\"@type\":\"ReadAction\",\"target\":[\"https:\/\/gaspardatable.dev-wordpress.fr\/produit\/buckeye-belle\/\"]}]},{\"@type\":\"ImageObject\",\"inLanguage\":\"en-US\",\"@id\":\"https:\/\/gaspardatable.dev-wordpress.fr\/produit\/buckeye-belle\/#primaryimage\",\"url\":\"https:\/\/gaspardatable.dev-wordpress.fr\/wp-content\/uploads\/2023\/09\/a2c01f4b30a2b7036bc673e070b41828.jpeg\",\"contentUrl\":\"https:\/\/gaspardatable.dev-wordpress.fr\/wp-content\/uploads\/2023\/09\/a2c01f4b30a2b7036bc673e070b41828.jpeg\",\"width\":800,\"height\":800},{\"@type\":\"BreadcrumbList\",\"@id\":\"https:\/\/gaspardatable.dev-wordpress.fr\/produit\/buckeye-belle\/#breadcrumb\",\"itemListElement\":[{\"@type\":\"ListItem\",\"position\":1,\"name\":\"Accueil\",\"item\":\"https:\/\/gaspardatable.dev-wordpress.fr\/\"},{\"@type\":\"ListItem\",\"position\":2,\"name\":\"Boutique\",\"item\":\"https:\/\/gaspardatable.dev-wordpress.fr\/boutique\/\"},{\"@type\":\"ListItem\",\"position\":3,\"name\":\"Dixie\"}]},{\"@type\":\"WebSite\",\"@id\":\"https:\/\/gaspardatable.dev-wordpress.fr\/#website\",\"url\":\"https:\/\/gaspardatable.dev-wordpress.fr\/\",\"name\":\"Gaspardatable\",\"description\":\"\",\"publisher\":{\"@id\":\"https:\/\/gaspardatable.dev-wordpress.fr\/#organization\"},\"potentialAction\":[{\"@type\":\"SearchAction\",\"target\":{\"@type\":\"EntryPoint\",\"urlTemplate\":\"https:\/\/gaspardatable.dev-wordpress.fr\/?s={search_term_string}\"},\"query-input\":{\"@type\":\"PropertyValueSpecification\",\"valueRequired\":true,\"valueName\":\"search_term_string\"}}],\"inLanguage\":\"en-US\"},{\"@type\":\"Organization\",\"@id\":\"https:\/\/gaspardatable.dev-wordpress.fr\/#organization\",\"name\":\"Gaspardatable\",\"url\":\"https:\/\/gaspardatable.dev-wordpress.fr\/\",\"logo\":{\"@type\":\"ImageObject\",\"inLanguage\":\"en-US\",\"@id\":\"https:\/\/gaspardatable.dev-wordpress.fr\/#\/schema\/logo\/image\/\",\"url\":\"https:\/\/gaspardatable.dev-wordpress.fr\/wp-content\/uploads\/2022\/01\/logo-gris.svg\",\"contentUrl\":\"https:\/\/gaspardatable.dev-wordpress.fr\/wp-content\/uploads\/2022\/01\/logo-gris.svg\",\"width\":79,\"height\":56,\"caption\":\"Gaspardatable\"},\"image\":{\"@id\":\"https:\/\/gaspardatable.dev-wordpress.fr\/#\/schema\/logo\/image\/\"}}]}<\/script>\n<!-- \/ Yoast SEO plugin. -->","yoast_head_json":{"title":"Pivoines : Dixie - Gaspardatable","description":"'Angel Cheeks' est une pivoine \u00e0 tr\u00e8s grandes fleurs rose pastel en forme de balle avec des p\u00e9tales blancs dress\u00e9s au centre et tr\u00e8s parfum\u00e9e.","robots":{"index":"noindex","follow":"follow","max-snippet":"max-snippet:-1","max-image-preview":"max-image-preview:large","max-video-preview":"max-video-preview:-1"},"og_locale":"en_US","og_type":"article","og_title":"Pivoines : Dixie - Gaspardatable","og_description":"'Angel Cheeks' est une pivoine \u00e0 tr\u00e8s grandes fleurs rose pastel en forme de balle avec des p\u00e9tales blancs dress\u00e9s au centre et tr\u00e8s parfum\u00e9e.","og_url":"https:\/\/gaspardatable.dev-wordpress.fr\/en\/product\/buckeye-belle\/","og_site_name":"Gaspardatable","article_modified_time":"2025-12-15T11:31:49+00:00","og_image":[{"width":800,"height":800,"url":"https:\/\/gaspardatable.dev-wordpress.fr\/wp-content\/uploads\/2023\/09\/a2c01f4b30a2b7036bc673e070b41828.jpeg","type":"image\/jpeg"}],"twitter_card":"summary_large_image","twitter_misc":{"Est. reading time":"1 minute"},"schema":{"@context":"https:\/\/schema.org","@graph":[{"@type":"WebPage","@id":"https:\/\/gaspardatable.dev-wordpress.fr\/produit\/buckeye-belle\/","url":"https:\/\/gaspardatable.dev-wordpress.fr\/produit\/buckeye-belle\/","name":"Pivoines : Dixie - Gaspardatable","isPartOf":{"@id":"https:\/\/gaspardatable.dev-wordpress.fr\/#website"},"primaryImageOfPage":{"@id":"https:\/\/gaspardatable.dev-wordpress.fr\/produit\/buckeye-belle\/#primaryimage"},"image":{"@id":"https:\/\/gaspardatable.dev-wordpress.fr\/produit\/buckeye-belle\/#primaryimage"},"thumbnailUrl":"https:\/\/gaspardatable.dev-wordpress.fr\/wp-content\/uploads\/2023\/09\/a2c01f4b30a2b7036bc673e070b41828.jpeg","datePublished":"2025-09-03T14:18:43+00:00","dateModified":"2025-12-15T11:31:49+00:00","description":"'Angel Cheeks' est une pivoine \u00e0 tr\u00e8s grandes fleurs rose pastel en forme de balle avec des p\u00e9tales blancs dress\u00e9s au centre et tr\u00e8s parfum\u00e9e.","breadcrumb":{"@id":"https:\/\/gaspardatable.dev-wordpress.fr\/produit\/buckeye-belle\/#breadcrumb"},"inLanguage":"en-US","potentialAction":[{"@type":"ReadAction","target":["https:\/\/gaspardatable.dev-wordpress.fr\/produit\/buckeye-belle\/"]}]},{"@type":"ImageObject","inLanguage":"en-US","@id":"https:\/\/gaspardatable.dev-wordpress.fr\/produit\/buckeye-belle\/#primaryimage","url":"https:\/\/gaspardatable.dev-wordpress.fr\/wp-content\/uploads\/2023\/09\/a2c01f4b30a2b7036bc673e070b41828.jpeg","contentUrl":"https:\/\/gaspardatable.dev-wordpress.fr\/wp-content\/uploads\/2023\/09\/a2c01f4b30a2b7036bc673e070b41828.jpeg","width":800,"height":800},{"@type":"BreadcrumbList","@id":"https:\/\/gaspardatable.dev-wordpress.fr\/produit\/buckeye-belle\/#breadcrumb","itemListElement":[{"@type":"ListItem","position":1,"name":"Accueil","item":"https:\/\/gaspardatable.dev-wordpress.fr\/"},{"@type":"ListItem","position":2,"name":"Boutique","item":"https:\/\/gaspardatable.dev-wordpress.fr\/boutique\/"},{"@type":"ListItem","position":3,"name":"Dixie"}]},{"@type":"WebSite","@id":"https:\/\/gaspardatable.dev-wordpress.fr\/#website","url":"https:\/\/gaspardatable.dev-wordpress.fr\/","name":"Gaspardatable","description":"","publisher":{"@id":"https:\/\/gaspardatable.dev-wordpress.fr\/#organization"},"potentialAction":[{"@type":"SearchAction","target":{"@type":"EntryPoint","urlTemplate":"https:\/\/gaspardatable.dev-wordpress.fr\/?s={search_term_string}"},"query-input":{"@type":"PropertyValueSpecification","valueRequired":true,"valueName":"search_term_string"}}],"inLanguage":"en-US"},{"@type":"Organization","@id":"https:\/\/gaspardatable.dev-wordpress.fr\/#organization","name":"Gaspardatable","url":"https:\/\/gaspardatable.dev-wordpress.fr\/","logo":{"@type":"ImageObject","inLanguage":"en-US","@id":"https:\/\/gaspardatable.dev-wordpress.fr\/#\/schema\/logo\/image\/","url":"https:\/\/gaspardatable.dev-wordpress.fr\/wp-content\/uploads\/2022\/01\/logo-gris.svg","contentUrl":"https:\/\/gaspardatable.dev-wordpress.fr\/wp-content\/uploads\/2022\/01\/logo-gris.svg","width":79,"height":56,"caption":"Gaspardatable"},"image":{"@id":"https:\/\/gaspardatable.dev-wordpress.fr\/#\/schema\/logo\/image\/"}}]}},"tiered_pricing_type":"fixed","tiered_pricing_fixed_rules":[],"tiered_pricing_product_settings":{"layout":"default","base_unit_name":{"singular":null,"plural":null},"default_variation":null},"tiered_pricing_minimum_quantity":null,"tiered_pricing_roles_data":[],"tiered_pricing_percentage_rules":[],"tiered_pricing_maximum_quantity":null,"tiered_pricing_quantity_step":null,"_links":{"self":[{"href":"https:\/\/gaspardatable.dev-wordpress.fr\/en\/wp-json\/wp\/v2\/product\/8426123","targetHints":{"allow":["GET"]}}],"collection":[{"href":"https:\/\/gaspardatable.dev-wordpress.fr\/en\/wp-json\/wp\/v2\/product"}],"about":[{"href":"https:\/\/gaspardatable.dev-wordpress.fr\/en\/wp-json\/wp\/v2\/types\/product"}],"wp:featuredmedia":[{"embeddable":true,"href":"https:\/\/gaspardatable.dev-wordpress.fr\/en\/wp-json\/wp\/v2\/media\/8426163"}],"wp:attachment":[{"href":"https:\/\/gaspardatable.dev-wordpress.fr\/en\/wp-json\/wp\/v2\/media?parent=8426123"}],"wp:term":[{"taxonomy":"product_brand","embeddable":true,"href":"https:\/\/gaspardatable.dev-wordpress.fr\/en\/wp-json\/wp\/v2\/product_brand?post=8426123"},{"taxonomy":"product_cat","embeddable":true,"href":"https:\/\/gaspardatable.dev-wordpress.fr\/en\/wp-json\/wp\/v2\/product_cat?post=8426123"},{"taxonomy":"product_tag","embeddable":true,"href":"https:\/\/gaspardatable.dev-wordpress.fr\/en\/wp-json\/wp\/v2\/product_tag?post=8426123"}],"curies":[{"name":"wp","href":"https:\/\/api.w.org\/{rel}","templated":true}]}}