{"id":8426802,"date":"2025-09-03T15:18:42","date_gmt":"2025-09-03T14:18:42","guid":{"rendered":"https:\/\/gaspardatable.dev-wordpress.fr\/?post_type=product&#038;p=8426802"},"modified":"2025-09-06T21:15:35","modified_gmt":"2025-09-06T20:15:35","slug":"buckeye-belle-2","status":"publish","type":"product","link":"https:\/\/gaspardatable.dev-wordpress.fr\/en\/product\/buckeye-belle-2\/","title":{"rendered":"Buckeye Belle"},"content":{"rendered":"<p>Une pivoine semi-double sp\u00e9ciale avec des fleurs aux couleurs exceptionnelles. Rouge tr\u00e8s profond et fonc\u00e9. La couleur tr\u00e8s particuli\u00e8re, la faible hauteur du buisson, le port compact et la floraison pr\u00e9coce font de &lsquo;Buckeye Belle&rsquo; une vari\u00e9t\u00e9 tr\u00e8s particuli\u00e8re et recherch\u00e9e.<\/p>","protected":false},"excerpt":{"rendered":"<p>Les belles fleurs roses sont enti\u00e8rement doubles et s&rsquo;ouvrent toujours tr\u00e8s bien, ce qui n&rsquo;est souvent pas un acquis chez les pivoines tardives. Les tiges sont fortes et portent bien les grandes fleurs et le joli feuillage vert fonc\u00e9 mat. Une pivoine qui sera aussi bien pour l&rsquo;am\u00e9nagement paysager que comme fleur coup\u00e9e.<\/p>\n<p>Tr\u00e8s tardive<br \/>\nHauteur plante: 70 cm<\/p>\n<p>Exp\u00e9di\u00e9e en racine nues \u00e0 partir de la semaine 43. Si cette commande est cumul\u00e9e avec une commande de tulipes et\/ou de narcisses, tout sera exp\u00e9di\u00e9 avec la commande de pivoines \u00e0 partir de mi-octobre.<\/p>","protected":false},"featured_media":8426134,"template":"","meta":{"_acf_changed":false},"product_brand":[],"product_cat":[24,278],"product_tag":[],"class_list":{"0":"post-8426802","1":"product","2":"type-product","3":"status-publish","4":"has-post-thumbnail","6":"product_cat-pivoines","7":"product_cat-toutes-nos-plantes","9":"first","10":"outofstock","11":"taxable","12":"shipping-taxable","13":"purchasable","14":"product-type-simple"},"acf":[],"yoast_head":"<!-- This site is optimized with the Yoast SEO plugin v26.8 - https:\/\/yoast.com\/product\/yoast-seo-wordpress\/ -->\n<title>Pivoines : Buckeye Belle - Gaspardatable<\/title>\n<meta name=\"description\" content=\"Les belles fleurs roses sont enti\u00e8rement doubles et s&#039;ouvrent toujours tr\u00e8s bien, ce qui n&#039;est souvent pas le cas chez les pivoines tardives.\" \/>\n<meta name=\"robots\" content=\"noindex, follow, max-snippet:-1, max-image-preview:large, max-video-preview:-1\" \/>\n<meta property=\"og:locale\" content=\"en_US\" \/>\n<meta property=\"og:type\" content=\"article\" \/>\n<meta property=\"og:title\" content=\"Pivoines : Buckeye Belle - Gaspardatable\" \/>\n<meta property=\"og:description\" content=\"Les belles fleurs roses sont enti\u00e8rement doubles et s&#039;ouvrent toujours tr\u00e8s bien, ce qui n&#039;est souvent pas le cas chez les pivoines tardives.\" \/>\n<meta property=\"og:url\" content=\"https:\/\/gaspardatable.dev-wordpress.fr\/en\/product\/buckeye-belle-2\/\" \/>\n<meta property=\"og:site_name\" content=\"Gaspardatable\" \/>\n<meta property=\"article:modified_time\" content=\"2025-09-06T20:15:35+00:00\" \/>\n<meta property=\"og:image\" content=\"https:\/\/gaspardatable.dev-wordpress.fr\/wp-content\/uploads\/2023\/09\/Buckeye-Belle-6.jpg\" \/>\n\t<meta property=\"og:image:width\" content=\"800\" \/>\n\t<meta property=\"og:image:height\" content=\"800\" \/>\n\t<meta property=\"og:image:type\" content=\"image\/jpeg\" \/>\n<meta name=\"twitter:card\" content=\"summary_large_image\" \/>\n<meta name=\"twitter:label1\" content=\"Est. reading time\" \/>\n\t<meta name=\"twitter:data1\" content=\"1 minute\" \/>\n<script type=\"application\/ld+json\" class=\"yoast-schema-graph\">{\"@context\":\"https:\/\/schema.org\",\"@graph\":[{\"@type\":\"WebPage\",\"@id\":\"https:\/\/gaspardatable.dev-wordpress.fr\/produit\/buckeye-belle-2\/\",\"url\":\"https:\/\/gaspardatable.dev-wordpress.fr\/produit\/buckeye-belle-2\/\",\"name\":\"Pivoines : Buckeye Belle - Gaspardatable\",\"isPartOf\":{\"@id\":\"https:\/\/gaspardatable.dev-wordpress.fr\/#website\"},\"primaryImageOfPage\":{\"@id\":\"https:\/\/gaspardatable.dev-wordpress.fr\/produit\/buckeye-belle-2\/#primaryimage\"},\"image\":{\"@id\":\"https:\/\/gaspardatable.dev-wordpress.fr\/produit\/buckeye-belle-2\/#primaryimage\"},\"thumbnailUrl\":\"https:\/\/gaspardatable.dev-wordpress.fr\/wp-content\/uploads\/2023\/09\/Buckeye-Belle-6.jpg\",\"datePublished\":\"2025-09-03T14:18:42+00:00\",\"dateModified\":\"2025-09-06T20:15:35+00:00\",\"description\":\"Les belles fleurs roses sont enti\u00e8rement doubles et s'ouvrent toujours tr\u00e8s bien, ce qui n'est souvent pas le cas chez les pivoines tardives.\",\"breadcrumb\":{\"@id\":\"https:\/\/gaspardatable.dev-wordpress.fr\/produit\/buckeye-belle-2\/#breadcrumb\"},\"inLanguage\":\"en-US\",\"potentialAction\":[{\"@type\":\"ReadAction\",\"target\":[\"https:\/\/gaspardatable.dev-wordpress.fr\/produit\/buckeye-belle-2\/\"]}]},{\"@type\":\"ImageObject\",\"inLanguage\":\"en-US\",\"@id\":\"https:\/\/gaspardatable.dev-wordpress.fr\/produit\/buckeye-belle-2\/#primaryimage\",\"url\":\"https:\/\/gaspardatable.dev-wordpress.fr\/wp-content\/uploads\/2023\/09\/Buckeye-Belle-6.jpg\",\"contentUrl\":\"https:\/\/gaspardatable.dev-wordpress.fr\/wp-content\/uploads\/2023\/09\/Buckeye-Belle-6.jpg\",\"width\":800,\"height\":800},{\"@type\":\"BreadcrumbList\",\"@id\":\"https:\/\/gaspardatable.dev-wordpress.fr\/produit\/buckeye-belle-2\/#breadcrumb\",\"itemListElement\":[{\"@type\":\"ListItem\",\"position\":1,\"name\":\"Accueil\",\"item\":\"https:\/\/gaspardatable.dev-wordpress.fr\/\"},{\"@type\":\"ListItem\",\"position\":2,\"name\":\"Boutique\",\"item\":\"https:\/\/gaspardatable.dev-wordpress.fr\/boutique\/\"},{\"@type\":\"ListItem\",\"position\":3,\"name\":\"Buckeye Belle\"}]},{\"@type\":\"WebSite\",\"@id\":\"https:\/\/gaspardatable.dev-wordpress.fr\/#website\",\"url\":\"https:\/\/gaspardatable.dev-wordpress.fr\/\",\"name\":\"Gaspardatable\",\"description\":\"\",\"publisher\":{\"@id\":\"https:\/\/gaspardatable.dev-wordpress.fr\/#organization\"},\"potentialAction\":[{\"@type\":\"SearchAction\",\"target\":{\"@type\":\"EntryPoint\",\"urlTemplate\":\"https:\/\/gaspardatable.dev-wordpress.fr\/?s={search_term_string}\"},\"query-input\":{\"@type\":\"PropertyValueSpecification\",\"valueRequired\":true,\"valueName\":\"search_term_string\"}}],\"inLanguage\":\"en-US\"},{\"@type\":\"Organization\",\"@id\":\"https:\/\/gaspardatable.dev-wordpress.fr\/#organization\",\"name\":\"Gaspardatable\",\"url\":\"https:\/\/gaspardatable.dev-wordpress.fr\/\",\"logo\":{\"@type\":\"ImageObject\",\"inLanguage\":\"en-US\",\"@id\":\"https:\/\/gaspardatable.dev-wordpress.fr\/#\/schema\/logo\/image\/\",\"url\":\"https:\/\/gaspardatable.dev-wordpress.fr\/wp-content\/uploads\/2022\/01\/logo-gris.svg\",\"contentUrl\":\"https:\/\/gaspardatable.dev-wordpress.fr\/wp-content\/uploads\/2022\/01\/logo-gris.svg\",\"width\":79,\"height\":56,\"caption\":\"Gaspardatable\"},\"image\":{\"@id\":\"https:\/\/gaspardatable.dev-wordpress.fr\/#\/schema\/logo\/image\/\"}}]}<\/script>\n<!-- \/ Yoast SEO plugin. -->","yoast_head_json":{"title":"Pivoines : Buckeye Belle - Gaspardatable","description":"Les belles fleurs roses sont enti\u00e8rement doubles et s'ouvrent toujours tr\u00e8s bien, ce qui n'est souvent pas le cas chez les pivoines tardives.","robots":{"index":"noindex","follow":"follow","max-snippet":"max-snippet:-1","max-image-preview":"max-image-preview:large","max-video-preview":"max-video-preview:-1"},"og_locale":"en_US","og_type":"article","og_title":"Pivoines : Buckeye Belle - Gaspardatable","og_description":"Les belles fleurs roses sont enti\u00e8rement doubles et s'ouvrent toujours tr\u00e8s bien, ce qui n'est souvent pas le cas chez les pivoines tardives.","og_url":"https:\/\/gaspardatable.dev-wordpress.fr\/en\/product\/buckeye-belle-2\/","og_site_name":"Gaspardatable","article_modified_time":"2025-09-06T20:15:35+00:00","og_image":[{"width":800,"height":800,"url":"https:\/\/gaspardatable.dev-wordpress.fr\/wp-content\/uploads\/2023\/09\/Buckeye-Belle-6.jpg","type":"image\/jpeg"}],"twitter_card":"summary_large_image","twitter_misc":{"Est. reading time":"1 minute"},"schema":{"@context":"https:\/\/schema.org","@graph":[{"@type":"WebPage","@id":"https:\/\/gaspardatable.dev-wordpress.fr\/produit\/buckeye-belle-2\/","url":"https:\/\/gaspardatable.dev-wordpress.fr\/produit\/buckeye-belle-2\/","name":"Pivoines : Buckeye Belle - Gaspardatable","isPartOf":{"@id":"https:\/\/gaspardatable.dev-wordpress.fr\/#website"},"primaryImageOfPage":{"@id":"https:\/\/gaspardatable.dev-wordpress.fr\/produit\/buckeye-belle-2\/#primaryimage"},"image":{"@id":"https:\/\/gaspardatable.dev-wordpress.fr\/produit\/buckeye-belle-2\/#primaryimage"},"thumbnailUrl":"https:\/\/gaspardatable.dev-wordpress.fr\/wp-content\/uploads\/2023\/09\/Buckeye-Belle-6.jpg","datePublished":"2025-09-03T14:18:42+00:00","dateModified":"2025-09-06T20:15:35+00:00","description":"Les belles fleurs roses sont enti\u00e8rement doubles et s'ouvrent toujours tr\u00e8s bien, ce qui n'est souvent pas le cas chez les pivoines tardives.","breadcrumb":{"@id":"https:\/\/gaspardatable.dev-wordpress.fr\/produit\/buckeye-belle-2\/#breadcrumb"},"inLanguage":"en-US","potentialAction":[{"@type":"ReadAction","target":["https:\/\/gaspardatable.dev-wordpress.fr\/produit\/buckeye-belle-2\/"]}]},{"@type":"ImageObject","inLanguage":"en-US","@id":"https:\/\/gaspardatable.dev-wordpress.fr\/produit\/buckeye-belle-2\/#primaryimage","url":"https:\/\/gaspardatable.dev-wordpress.fr\/wp-content\/uploads\/2023\/09\/Buckeye-Belle-6.jpg","contentUrl":"https:\/\/gaspardatable.dev-wordpress.fr\/wp-content\/uploads\/2023\/09\/Buckeye-Belle-6.jpg","width":800,"height":800},{"@type":"BreadcrumbList","@id":"https:\/\/gaspardatable.dev-wordpress.fr\/produit\/buckeye-belle-2\/#breadcrumb","itemListElement":[{"@type":"ListItem","position":1,"name":"Accueil","item":"https:\/\/gaspardatable.dev-wordpress.fr\/"},{"@type":"ListItem","position":2,"name":"Boutique","item":"https:\/\/gaspardatable.dev-wordpress.fr\/boutique\/"},{"@type":"ListItem","position":3,"name":"Buckeye Belle"}]},{"@type":"WebSite","@id":"https:\/\/gaspardatable.dev-wordpress.fr\/#website","url":"https:\/\/gaspardatable.dev-wordpress.fr\/","name":"Gaspardatable","description":"","publisher":{"@id":"https:\/\/gaspardatable.dev-wordpress.fr\/#organization"},"potentialAction":[{"@type":"SearchAction","target":{"@type":"EntryPoint","urlTemplate":"https:\/\/gaspardatable.dev-wordpress.fr\/?s={search_term_string}"},"query-input":{"@type":"PropertyValueSpecification","valueRequired":true,"valueName":"search_term_string"}}],"inLanguage":"en-US"},{"@type":"Organization","@id":"https:\/\/gaspardatable.dev-wordpress.fr\/#organization","name":"Gaspardatable","url":"https:\/\/gaspardatable.dev-wordpress.fr\/","logo":{"@type":"ImageObject","inLanguage":"en-US","@id":"https:\/\/gaspardatable.dev-wordpress.fr\/#\/schema\/logo\/image\/","url":"https:\/\/gaspardatable.dev-wordpress.fr\/wp-content\/uploads\/2022\/01\/logo-gris.svg","contentUrl":"https:\/\/gaspardatable.dev-wordpress.fr\/wp-content\/uploads\/2022\/01\/logo-gris.svg","width":79,"height":56,"caption":"Gaspardatable"},"image":{"@id":"https:\/\/gaspardatable.dev-wordpress.fr\/#\/schema\/logo\/image\/"}}]}},"tiered_pricing_type":"fixed","tiered_pricing_fixed_rules":[],"tiered_pricing_product_settings":{"layout":"default","base_unit_name":{"singular":null,"plural":null},"default_variation":null},"tiered_pricing_minimum_quantity":null,"tiered_pricing_roles_data":[],"tiered_pricing_percentage_rules":[],"tiered_pricing_maximum_quantity":null,"tiered_pricing_quantity_step":null,"_links":{"self":[{"href":"https:\/\/gaspardatable.dev-wordpress.fr\/en\/wp-json\/wp\/v2\/product\/8426802","targetHints":{"allow":["GET"]}}],"collection":[{"href":"https:\/\/gaspardatable.dev-wordpress.fr\/en\/wp-json\/wp\/v2\/product"}],"about":[{"href":"https:\/\/gaspardatable.dev-wordpress.fr\/en\/wp-json\/wp\/v2\/types\/product"}],"wp:featuredmedia":[{"embeddable":true,"href":"https:\/\/gaspardatable.dev-wordpress.fr\/en\/wp-json\/wp\/v2\/media\/8426134"}],"wp:attachment":[{"href":"https:\/\/gaspardatable.dev-wordpress.fr\/en\/wp-json\/wp\/v2\/media?parent=8426802"}],"wp:term":[{"taxonomy":"product_brand","embeddable":true,"href":"https:\/\/gaspardatable.dev-wordpress.fr\/en\/wp-json\/wp\/v2\/product_brand?post=8426802"},{"taxonomy":"product_cat","embeddable":true,"href":"https:\/\/gaspardatable.dev-wordpress.fr\/en\/wp-json\/wp\/v2\/product_cat?post=8426802"},{"taxonomy":"product_tag","embeddable":true,"href":"https:\/\/gaspardatable.dev-wordpress.fr\/en\/wp-json\/wp\/v2\/product_tag?post=8426802"}],"curies":[{"name":"wp","href":"https:\/\/api.w.org\/{rel}","templated":true}]}}