{"id":892,"date":"2025-09-03T15:18:43","date_gmt":"2025-09-03T14:18:43","guid":{"rendered":"https:\/\/gaspardatable.dev-wordpress.fr\/?post_type=product&#038;p=892"},"modified":"2025-09-28T11:06:58","modified_gmt":"2025-09-28T10:06:58","slug":"catarina-fontij","status":"publish","type":"product","link":"https:\/\/gaspardatable.dev-wordpress.fr\/en\/product\/catarina-fontij\/","title":{"rendered":"Catarina Fontij"},"content":{"rendered":"<p>Une vari\u00e9t\u00e9 avec de grands p\u00e9tales dont la couleur varie du blanc au rose fonc\u00e9. Lorsque les fleurs arrivent \u00e0 maturit\u00e9, les \u00e9tamines jaunes deviennent plus visibles et les p\u00e9tales deviennent presque blancs. Vari\u00e9t\u00e9 vigoureuse, robuste<span class=\"Apple-converted-space\">\u00a0<\/span>et tr\u00e8s florif\u00e8re. Une bonne quantit\u00e9 de bourgeons lat\u00e9raux peut prolonger la p\u00e9riode de floraison.<\/p>","protected":false},"excerpt":{"rendered":"<p>Une vari\u00e9t\u00e9 avec de grands p\u00e9tales dont la couleur varie du blanc au rose fonc\u00e9. Lorsque les fleurs arrivent \u00e0 maturit\u00e9, les \u00e9tamines jaunes deviennent plus visibles et les p\u00e9tales deviennent presque blancs. Vari\u00e9t\u00e9 vigoureuse, robuste<span class=\"Apple-converted-space\">\u00a0 <\/span>et tr\u00e8s florif\u00e8re. Une bonne quantit\u00e9 de bourgeons lat\u00e9raux peut prolonger la p\u00e9riode de floraison.<\/p>","protected":false},"featured_media":940,"template":"","meta":{"_acf_changed":false},"product_brand":[],"product_cat":[24,278],"product_tag":[],"class_list":{"0":"post-892","1":"product","2":"type-product","3":"status-publish","4":"has-post-thumbnail","6":"product_cat-pivoines","7":"product_cat-toutes-nos-plantes","9":"first","10":"outofstock","11":"taxable","12":"shipping-taxable","13":"purchasable","14":"product-type-simple"},"acf":[],"yoast_head":"<!-- This site is optimized with the Yoast SEO plugin v26.8 - https:\/\/yoast.com\/product\/yoast-seo-wordpress\/ -->\n<title>Dahlias : Catarina Fontij - Gaspardatable<\/title>\n<meta name=\"description\" content=\"Vari\u00e9t\u00e9 avec de grands p\u00e9tales dont la couleur varie du blanc au rose fonc\u00e9. Vari\u00e9t\u00e9 vigoureuse, robuste et tr\u00e8s florif\u00e8re.\" \/>\n<meta name=\"robots\" content=\"noindex, follow, max-snippet:-1, max-image-preview:large, max-video-preview:-1\" \/>\n<meta property=\"og:locale\" content=\"en_US\" \/>\n<meta property=\"og:type\" content=\"article\" \/>\n<meta property=\"og:title\" content=\"Dahlias : Catarina Fontij - Gaspardatable\" \/>\n<meta property=\"og:description\" content=\"Vari\u00e9t\u00e9 avec de grands p\u00e9tales dont la couleur varie du blanc au rose fonc\u00e9. Vari\u00e9t\u00e9 vigoureuse, robuste et tr\u00e8s florif\u00e8re.\" \/>\n<meta property=\"og:url\" content=\"https:\/\/gaspardatable.dev-wordpress.fr\/en\/product\/catarina-fontij\/\" \/>\n<meta property=\"og:site_name\" content=\"Gaspardatable\" \/>\n<meta property=\"article:modified_time\" content=\"2025-09-28T10:06:58+00:00\" \/>\n<meta property=\"og:image\" content=\"https:\/\/gaspardatable.dev-wordpress.fr\/wp-content\/uploads\/2022\/01\/catharina-fontijn.jpg\" \/>\n\t<meta property=\"og:image:width\" content=\"1073\" \/>\n\t<meta property=\"og:image:height\" content=\"800\" \/>\n\t<meta property=\"og:image:type\" content=\"image\/jpeg\" \/>\n<meta name=\"twitter:card\" content=\"summary_large_image\" \/>\n<script type=\"application\/ld+json\" class=\"yoast-schema-graph\">{\"@context\":\"https:\/\/schema.org\",\"@graph\":[{\"@type\":\"WebPage\",\"@id\":\"https:\/\/gaspardatable.dev-wordpress.fr\/produit\/catarina-fontij\/\",\"url\":\"https:\/\/gaspardatable.dev-wordpress.fr\/produit\/catarina-fontij\/\",\"name\":\"Dahlias : Catarina Fontij - Gaspardatable\",\"isPartOf\":{\"@id\":\"https:\/\/gaspardatable.dev-wordpress.fr\/#website\"},\"primaryImageOfPage\":{\"@id\":\"https:\/\/gaspardatable.dev-wordpress.fr\/produit\/catarina-fontij\/#primaryimage\"},\"image\":{\"@id\":\"https:\/\/gaspardatable.dev-wordpress.fr\/produit\/catarina-fontij\/#primaryimage\"},\"thumbnailUrl\":\"https:\/\/gaspardatable.dev-wordpress.fr\/wp-content\/uploads\/2022\/01\/catharina-fontijn.jpg\",\"datePublished\":\"2025-09-03T14:18:43+00:00\",\"dateModified\":\"2025-09-28T10:06:58+00:00\",\"description\":\"Vari\u00e9t\u00e9 avec de grands p\u00e9tales dont la couleur varie du blanc au rose fonc\u00e9. Vari\u00e9t\u00e9 vigoureuse, robuste et tr\u00e8s florif\u00e8re.\",\"breadcrumb\":{\"@id\":\"https:\/\/gaspardatable.dev-wordpress.fr\/produit\/catarina-fontij\/#breadcrumb\"},\"inLanguage\":\"en-US\",\"potentialAction\":[{\"@type\":\"ReadAction\",\"target\":[\"https:\/\/gaspardatable.dev-wordpress.fr\/produit\/catarina-fontij\/\"]}]},{\"@type\":\"ImageObject\",\"inLanguage\":\"en-US\",\"@id\":\"https:\/\/gaspardatable.dev-wordpress.fr\/produit\/catarina-fontij\/#primaryimage\",\"url\":\"https:\/\/gaspardatable.dev-wordpress.fr\/wp-content\/uploads\/2022\/01\/catharina-fontijn.jpg\",\"contentUrl\":\"https:\/\/gaspardatable.dev-wordpress.fr\/wp-content\/uploads\/2022\/01\/catharina-fontijn.jpg\",\"width\":1073,\"height\":800},{\"@type\":\"BreadcrumbList\",\"@id\":\"https:\/\/gaspardatable.dev-wordpress.fr\/produit\/catarina-fontij\/#breadcrumb\",\"itemListElement\":[{\"@type\":\"ListItem\",\"position\":1,\"name\":\"Accueil\",\"item\":\"https:\/\/gaspardatable.dev-wordpress.fr\/\"},{\"@type\":\"ListItem\",\"position\":2,\"name\":\"Boutique\",\"item\":\"https:\/\/gaspardatable.dev-wordpress.fr\/boutique\/\"},{\"@type\":\"ListItem\",\"position\":3,\"name\":\"Catarina Fontij\"}]},{\"@type\":\"WebSite\",\"@id\":\"https:\/\/gaspardatable.dev-wordpress.fr\/#website\",\"url\":\"https:\/\/gaspardatable.dev-wordpress.fr\/\",\"name\":\"Gaspardatable\",\"description\":\"\",\"publisher\":{\"@id\":\"https:\/\/gaspardatable.dev-wordpress.fr\/#organization\"},\"potentialAction\":[{\"@type\":\"SearchAction\",\"target\":{\"@type\":\"EntryPoint\",\"urlTemplate\":\"https:\/\/gaspardatable.dev-wordpress.fr\/?s={search_term_string}\"},\"query-input\":{\"@type\":\"PropertyValueSpecification\",\"valueRequired\":true,\"valueName\":\"search_term_string\"}}],\"inLanguage\":\"en-US\"},{\"@type\":\"Organization\",\"@id\":\"https:\/\/gaspardatable.dev-wordpress.fr\/#organization\",\"name\":\"Gaspardatable\",\"url\":\"https:\/\/gaspardatable.dev-wordpress.fr\/\",\"logo\":{\"@type\":\"ImageObject\",\"inLanguage\":\"en-US\",\"@id\":\"https:\/\/gaspardatable.dev-wordpress.fr\/#\/schema\/logo\/image\/\",\"url\":\"https:\/\/gaspardatable.dev-wordpress.fr\/wp-content\/uploads\/2022\/01\/logo-gris.svg\",\"contentUrl\":\"https:\/\/gaspardatable.dev-wordpress.fr\/wp-content\/uploads\/2022\/01\/logo-gris.svg\",\"width\":79,\"height\":56,\"caption\":\"Gaspardatable\"},\"image\":{\"@id\":\"https:\/\/gaspardatable.dev-wordpress.fr\/#\/schema\/logo\/image\/\"}}]}<\/script>\n<!-- \/ Yoast SEO plugin. -->","yoast_head_json":{"title":"Dahlias : Catarina Fontij - Gaspardatable","description":"Vari\u00e9t\u00e9 avec de grands p\u00e9tales dont la couleur varie du blanc au rose fonc\u00e9. Vari\u00e9t\u00e9 vigoureuse, robuste et tr\u00e8s florif\u00e8re.","robots":{"index":"noindex","follow":"follow","max-snippet":"max-snippet:-1","max-image-preview":"max-image-preview:large","max-video-preview":"max-video-preview:-1"},"og_locale":"en_US","og_type":"article","og_title":"Dahlias : Catarina Fontij - Gaspardatable","og_description":"Vari\u00e9t\u00e9 avec de grands p\u00e9tales dont la couleur varie du blanc au rose fonc\u00e9. Vari\u00e9t\u00e9 vigoureuse, robuste et tr\u00e8s florif\u00e8re.","og_url":"https:\/\/gaspardatable.dev-wordpress.fr\/en\/product\/catarina-fontij\/","og_site_name":"Gaspardatable","article_modified_time":"2025-09-28T10:06:58+00:00","og_image":[{"width":1073,"height":800,"url":"https:\/\/gaspardatable.dev-wordpress.fr\/wp-content\/uploads\/2022\/01\/catharina-fontijn.jpg","type":"image\/jpeg"}],"twitter_card":"summary_large_image","schema":{"@context":"https:\/\/schema.org","@graph":[{"@type":"WebPage","@id":"https:\/\/gaspardatable.dev-wordpress.fr\/produit\/catarina-fontij\/","url":"https:\/\/gaspardatable.dev-wordpress.fr\/produit\/catarina-fontij\/","name":"Dahlias : Catarina Fontij - Gaspardatable","isPartOf":{"@id":"https:\/\/gaspardatable.dev-wordpress.fr\/#website"},"primaryImageOfPage":{"@id":"https:\/\/gaspardatable.dev-wordpress.fr\/produit\/catarina-fontij\/#primaryimage"},"image":{"@id":"https:\/\/gaspardatable.dev-wordpress.fr\/produit\/catarina-fontij\/#primaryimage"},"thumbnailUrl":"https:\/\/gaspardatable.dev-wordpress.fr\/wp-content\/uploads\/2022\/01\/catharina-fontijn.jpg","datePublished":"2025-09-03T14:18:43+00:00","dateModified":"2025-09-28T10:06:58+00:00","description":"Vari\u00e9t\u00e9 avec de grands p\u00e9tales dont la couleur varie du blanc au rose fonc\u00e9. Vari\u00e9t\u00e9 vigoureuse, robuste et tr\u00e8s florif\u00e8re.","breadcrumb":{"@id":"https:\/\/gaspardatable.dev-wordpress.fr\/produit\/catarina-fontij\/#breadcrumb"},"inLanguage":"en-US","potentialAction":[{"@type":"ReadAction","target":["https:\/\/gaspardatable.dev-wordpress.fr\/produit\/catarina-fontij\/"]}]},{"@type":"ImageObject","inLanguage":"en-US","@id":"https:\/\/gaspardatable.dev-wordpress.fr\/produit\/catarina-fontij\/#primaryimage","url":"https:\/\/gaspardatable.dev-wordpress.fr\/wp-content\/uploads\/2022\/01\/catharina-fontijn.jpg","contentUrl":"https:\/\/gaspardatable.dev-wordpress.fr\/wp-content\/uploads\/2022\/01\/catharina-fontijn.jpg","width":1073,"height":800},{"@type":"BreadcrumbList","@id":"https:\/\/gaspardatable.dev-wordpress.fr\/produit\/catarina-fontij\/#breadcrumb","itemListElement":[{"@type":"ListItem","position":1,"name":"Accueil","item":"https:\/\/gaspardatable.dev-wordpress.fr\/"},{"@type":"ListItem","position":2,"name":"Boutique","item":"https:\/\/gaspardatable.dev-wordpress.fr\/boutique\/"},{"@type":"ListItem","position":3,"name":"Catarina Fontij"}]},{"@type":"WebSite","@id":"https:\/\/gaspardatable.dev-wordpress.fr\/#website","url":"https:\/\/gaspardatable.dev-wordpress.fr\/","name":"Gaspardatable","description":"","publisher":{"@id":"https:\/\/gaspardatable.dev-wordpress.fr\/#organization"},"potentialAction":[{"@type":"SearchAction","target":{"@type":"EntryPoint","urlTemplate":"https:\/\/gaspardatable.dev-wordpress.fr\/?s={search_term_string}"},"query-input":{"@type":"PropertyValueSpecification","valueRequired":true,"valueName":"search_term_string"}}],"inLanguage":"en-US"},{"@type":"Organization","@id":"https:\/\/gaspardatable.dev-wordpress.fr\/#organization","name":"Gaspardatable","url":"https:\/\/gaspardatable.dev-wordpress.fr\/","logo":{"@type":"ImageObject","inLanguage":"en-US","@id":"https:\/\/gaspardatable.dev-wordpress.fr\/#\/schema\/logo\/image\/","url":"https:\/\/gaspardatable.dev-wordpress.fr\/wp-content\/uploads\/2022\/01\/logo-gris.svg","contentUrl":"https:\/\/gaspardatable.dev-wordpress.fr\/wp-content\/uploads\/2022\/01\/logo-gris.svg","width":79,"height":56,"caption":"Gaspardatable"},"image":{"@id":"https:\/\/gaspardatable.dev-wordpress.fr\/#\/schema\/logo\/image\/"}}]}},"tiered_pricing_type":"fixed","tiered_pricing_fixed_rules":[],"tiered_pricing_product_settings":{"layout":"default","base_unit_name":{"singular":null,"plural":null},"default_variation":null},"tiered_pricing_minimum_quantity":null,"tiered_pricing_roles_data":[],"tiered_pricing_percentage_rules":[],"tiered_pricing_maximum_quantity":null,"tiered_pricing_quantity_step":null,"_links":{"self":[{"href":"https:\/\/gaspardatable.dev-wordpress.fr\/en\/wp-json\/wp\/v2\/product\/892","targetHints":{"allow":["GET"]}}],"collection":[{"href":"https:\/\/gaspardatable.dev-wordpress.fr\/en\/wp-json\/wp\/v2\/product"}],"about":[{"href":"https:\/\/gaspardatable.dev-wordpress.fr\/en\/wp-json\/wp\/v2\/types\/product"}],"wp:featuredmedia":[{"embeddable":true,"href":"https:\/\/gaspardatable.dev-wordpress.fr\/en\/wp-json\/wp\/v2\/media\/940"}],"wp:attachment":[{"href":"https:\/\/gaspardatable.dev-wordpress.fr\/en\/wp-json\/wp\/v2\/media?parent=892"}],"wp:term":[{"taxonomy":"product_brand","embeddable":true,"href":"https:\/\/gaspardatable.dev-wordpress.fr\/en\/wp-json\/wp\/v2\/product_brand?post=892"},{"taxonomy":"product_cat","embeddable":true,"href":"https:\/\/gaspardatable.dev-wordpress.fr\/en\/wp-json\/wp\/v2\/product_cat?post=892"},{"taxonomy":"product_tag","embeddable":true,"href":"https:\/\/gaspardatable.dev-wordpress.fr\/en\/wp-json\/wp\/v2\/product_tag?post=892"}],"curies":[{"name":"wp","href":"https:\/\/api.w.org\/{rel}","templated":true}]}}